{"id":881,"date":"2022-01-27T23:08:29","date_gmt":"2022-01-27T23:08:29","guid":{"rendered":"https:\/\/businessconsulting.com.pl\/?page_id=881"},"modified":"2022-03-24T21:25:00","modified_gmt":"2022-03-24T21:25:00","slug":"politica-de-privacidad","status":"publish","type":"page","link":"https:\/\/businessconsulting.com.pl\/es\/politica-de-privacidad\/","title":{"rendered":"Pol\u00edtica de Privacidad"},"content":{"rendered":"<p><strong>El administrador de datos personales<\/strong>\u00a0es Business Consulting Iwona Szybka con su oficina registrada en Varsovia en Ul. Wyspia\u0144skiego 4\/5 (en adelante BC). BC es una entidad que respeta plenamente las normas sobre la protecci\u00f3n de datos personales establecidas en el Reglamento (UE) 2016\/679 del Parlamento Europeo y del Consejo, de 27 de abril de 2016, relativo a la protecci\u00f3n de las personas f\u00edsicas en lo que respecta al tratamiento de datos personales y a la libre circulaci\u00f3n de estos datos (\u00bb RODO \u00ab).<\/p>\n<p>\u2022\u00a0<strong>El candidato que participa en los proyectos de reclutamiento<\/strong>\u00a0llevados a cabo por BC goza de todos los derechos garantizados por la legislaci\u00f3n indicada anteriormente, es decir, el derecho de acceso a sus datos, derecho a corregir o modificar sus datos, as\u00ed como su supresi\u00f3n de la base de datos de BC o de o de oposici\u00f3n al tratamiento, a cada petici\u00f3n del candidato.<\/p>\n<p>\u2022\u00a0<strong>BC garantiza la seguridad total<\/strong>\u00a0<strong>y la confidencialidad<\/strong>\u00a0de los datos recopilados mediante el uso de tecnolog\u00edas de la informaci\u00f3n modernas (incluido el cifrado de datos utilizando el protocolo de seguridad SSL de 128 bits, protocolo https). BC tambi\u00e9n ha implementado y utiliza documentos internos que regulan los principios de seguridad y protecci\u00f3n de datos, es decir, Pol\u00edtica de Seguridad e Instrucci\u00f3n para administrar el sistema de IT utilizado para procesar datos personales.<\/p>\n<p><strong>Todos los procedimientos y salvaguardias t\u00e9cnicas mencionados anteriormente garantizan la seguridad e integridad completas de los datos recopilados y procesados.<\/strong><\/p>\n<p>\u2022\u00a0<strong>BC informa a los candidatos<\/strong>\u00a0que todos los materiales y datos enviados por ellos se transfieren voluntariamente y se usar\u00e1n solo para las necesidades de los proyectos de reclutamiento que se est\u00e1n siendo llevados a cabo actualmente y en el futuro. Los datos enviados a BC no est\u00e1n sujetos a la elaboraci\u00f3n de perfiles.<\/p>\n<p><strong>\u2022 BC informa que,<\/strong>\u00a0por regla general, no recopila ni procesa las llamadas categor\u00edas especiales de datos personales, es decir, los datos a los que se hace referencia en el art. 9 GDPR\u00a0<em>(Reglamento general de protecci\u00f3n de datos)<\/em>\u00a0sobre la protecci\u00f3n de datos personales que revelen: el origen racial o \u00e9tnico, las opiniones pol\u00edticas, creencias religiosas, afiliaci\u00f3n religiosa, pol\u00edtica o sindical, as\u00ed como los datos relativos a la salud, c\u00f3digo gen\u00e9tico, las adicciones o la vida sexual y los datos relativos a las sentencias jur\u00eddicas, las decisiones sobre las penas y multas penales, as\u00ed como otras sentencias dictadas en procedimientos judiciales o administrativos.\u00a0<strong>En relaci\u00f3n con lo anterior, BC pide a los candidatos que no env\u00eden los datos indicados,\u00a0<\/strong>en ninguna forma (incluidas las solicitudes \/ Curr\u00edculums, cartas de presentaci\u00f3n, correspondencia y otros documentos). En el caso de que para fines de una contrataci\u00f3n espec\u00edfica, algunos de los datos mencionados anteriormente fueran necesarios, BC solicitar\u00e1 al candidato su transferencia y un consentimiento por escrito espec\u00edfico para el procesamiento de los datos en cuesti\u00f3n.<\/p>\n<p><strong>OBLIGACI\u00d3N DE LA INFORMACI\u00d3N (GDPR)<\/strong><\/p>\n<p><strong>BC procesa datos personales de los clientes y candidatos<\/strong>\u00a0a puestos de trabajo en sus empresas, para llevar a cabo el proceso de contrataci\u00f3n.<\/p>\n<p><strong>La base jur\u00eddica para el tratamiento<\/strong>\u00a0<strong>de los datos personales\u00a0<\/strong>de los clientes es el emprendimiento de medidas para concluir e implementar un contrato (art\u00edculo 6. 1 letra b) GDPR), as\u00ed como el inter\u00e9s leg\u00edtimo de BC (art\u00edculo 6, p\u00e1rrafo. 1 letra f) GDPR) y, en caso de los solicitantes de empleo, el inter\u00e9s leg\u00edtimo de BC (art\u00edculo 6, apartado 1, letra f), del GDPR) y el consentimiento para el tratamiento de datos (art\u00edculo 6, apartado 1, letra a), del GDPR). Las categor\u00edas procesadas de sus datos personales son los datos personales de los clientes y sus empleados, as\u00ed como los datos personales proporcionados por los candidatos como parte del proceso de contrataci\u00f3n (incluidos en el formulario del sitio web y el CV).<\/p>\n<p><strong>El destinatario de los datos personales<\/strong>\u00a0son los asesores de BC cuyo objetivo es concluir e implementar contratos con los clientes y llevar a cabo procesos de reclutamiento para su posterior implementaci\u00f3n. Adem\u00e1s, en el caso de los datos personales de los candidatos, los destinatarios de los datos tambi\u00e9n son clientes de BC, sin embargo cada vez que se les quiera transferir estos datos BC obtendr\u00e1 el consentimiento del candidato.<\/p>\n<p><strong>Los datos personales de los clientes<\/strong>\u00a0ser\u00e1n almacenados durante la duraci\u00f3n del contrato y 3\u00a0a\u00f1os despu\u00e9s de su finalizaci\u00f3n. Por otro lado, los datos de los candidatos ser\u00e1n almacenados hasta que \u00e9stos retiren su consentimiento para el tratamiento de sus datos o hasta que expiren 3\u00a0a\u00f1os a partir de su registro.<\/p>\n<p><strong>Las personas cuyos datos trata BC\u00a0<\/strong>tienen el derecho a acceder a sus datos y el derecho de rectificaci\u00f3n, supresi\u00f3n, las limitaciones de procesamiento, el derecho a la portabilidad de los datos, el derecho a oponerse al tratamiento de los datos, el derecho a retirar el consentimiento en cualquier momento.<\/p>\n<p>Las personas tambi\u00e9n tienen derecho a presentar una queja ante el Presidente de la Oficina de Protecci\u00f3n de Datos Personales, cuando consideren que el tratamiento de los datos personales que les conciernen por parte de BC viola las disposiciones de la GDPR.<\/p>\n<p><strong>POL\u00cdTICA DE COOKIES<\/strong><\/p>\n<p>\u2022\u00a0<strong>En relaci\u00f3n con la ejecuci\u00f3n y el intercambio del contenido<\/strong>\u00a0del sitio web de Business Consulting (search &amp; selection) cookies, es decir, informaci\u00f3n escrita por el servidor en el equipo terminal de datos del usuario que los servidores pueden leer cada vez que se conecten con este dispositivo final. Las cookies contienen, \u00a0t\u00edpicamente, el nombre del dominio del sitio web desde el que se originan, su tiempo de almacenamiento en el dispositivo terminal y un n\u00famero \u00fanico.<\/p>\n<p>\u2022\u00a0<strong>Las cookies<\/strong>\u00a0se utilizan para crear estad\u00edsticas que ayudan a comprender c\u00f3mo los usuarios de sitios web usan sitios web, lo que permite mejorar su estructura y contenido.<\/p>\n<p>\u2022\u00a0<strong>En muchos casos,<\/strong>\u00a0el software utilizado para navegar por la web (navegador) de forma predefinida permite el almacenamiento de cookies en el equipo terminal del usuario. Los usuarios del sitio web pueden cambiar la configuraci\u00f3n de las cookies en cualquier momento. Estos ajustes se pueden modificar, en particular, de tal manera que se bloquee el manejo autom\u00e1tico de cookies en su configuraci\u00f3n del navegador web o informar sobre ellos cada vez que se entre en la p\u00e1gina web desde el dispositivo. La informaci\u00f3n detallada sobre las posibilidades y formas de manejar las cookies est\u00e1 disponible en la configuraci\u00f3n del software (navegador web). Si no se cambia la configuraci\u00f3n en el campo de las cookies significa que van a ser incluidos en el dispositivo terminal del usuario, y por lo tanto que almacenaremos esta informaci\u00f3n en el dispositivo terminal del usuario y accederemos a esta informaci\u00f3n.<\/p>\n<p><strong>CONTACTO<\/strong><\/p>\n<p><strong>En caso de cualquier pregunta\u00a0<\/strong>o duda acerca de las normas de protecci\u00f3n de datos en BC, por favor, dirijan sus consultas al Coordinador de protecci\u00f3n de datos personales cuya direcci\u00f3n de correo electr\u00f3nico es:\u00a0<a href=\"mailto:rekrutacja@businessconsulting.com.pl\">rekrutacja@businessconsulting.com.pl<\/a>\u00a0y Tel.: + 48 22 115 17 68.<\/p>\n<p><strong>Direcci\u00f3n postal:<\/strong>\u00a0Business Consulting Iwona Szybka con sede en Varsovia en Ul. Wyspia\u0144skiego 4\/5<\/p>\n","protected":false},"excerpt":{"rendered":"<p>El administrador de datos personales\u00a0es Business Consulting Iwona Szybka con su oficina registrada en Varsovia en Ul. Wyspia\u0144skiego 4\/5 (en adelante BC). BC es una entidad que respeta plenamente las normas sobre la protecci\u00f3n de datos personales establecidas en el Reglamento (UE) 2016\/679 del Parlamento Europeo y del Consejo, de 27 de abril de 2016, &hellip;<\/p>\n","protected":false},"author":1,"featured_media":0,"parent":0,"menu_order":0,"comment_status":"closed","ping_status":"closed","template":"","meta":{"footnotes":""},"class_list":{"0":"post-881","1":"page","2":"type-page","3":"status-publish","5":"clearfix","6":"article"},"acf":[],"yoast_head":"<!-- This site is optimized with the Yoast SEO plugin v18.4.1 - https:\/\/yoast.com\/wordpress\/plugins\/seo\/ -->\n<title>Pol\u00edtica de Privacidad - Business Consulting (search &amp; selection)<\/title>\n<meta name=\"robots\" content=\"index, follow, max-snippet:-1, max-image-preview:large, max-video-preview:-1\" \/>\n<link rel=\"canonical\" href=\"https:\/\/businessconsulting.com.pl\/es\/politica-de-privacidad\/\" \/>\n<meta property=\"og:locale\" content=\"es_ES\" \/>\n<meta property=\"og:type\" content=\"article\" \/>\n<meta property=\"og:title\" content=\"Pol\u00edtica de Privacidad - Business Consulting (search &amp; selection)\" \/>\n<meta property=\"og:description\" content=\"El administrador de datos personales\u00a0es Business Consulting Iwona Szybka con su oficina registrada en Varsovia en Ul. Wyspia\u0144skiego 4\/5 (en adelante BC). BC es una entidad que respeta plenamente las normas sobre la protecci\u00f3n de datos personales establecidas en el Reglamento (UE) 2016\/679 del Parlamento Europeo y del Consejo, de 27 de abril de 2016, &hellip;\" \/>\n<meta property=\"og:url\" content=\"https:\/\/businessconsulting.com.pl\/es\/politica-de-privacidad\/\" \/>\n<meta property=\"og:site_name\" content=\"Business Consulting (search &amp; selection)\" \/>\n<meta property=\"article:modified_time\" content=\"2022-03-24T21:25:00+00:00\" \/>\n<meta property=\"og:image\" content=\"https:\/\/businessconsulting.com.pl\/wp-content\/uploads\/2022\/01\/logo-95.png\" \/>\n\t<meta property=\"og:image:width\" content=\"179\" \/>\n\t<meta property=\"og:image:height\" content=\"95\" \/>\n\t<meta property=\"og:image:type\" content=\"image\/png\" \/>\n<meta name=\"twitter:card\" content=\"summary_large_image\" \/>\n<meta name=\"twitter:label1\" content=\"Tiempo de lectura\" \/>\n\t<meta name=\"twitter:data1\" content=\"6 minutos\" \/>\n<script type=\"application\/ld+json\" class=\"yoast-schema-graph\">{\"@context\":\"https:\/\/schema.org\",\"@graph\":[{\"@type\":\"WebSite\",\"@id\":\"https:\/\/iwona.v-1.pl\/#website\",\"url\":\"https:\/\/iwona.v-1.pl\/\",\"name\":\"Business Consulting (search &amp; selection)\",\"description\":\"\",\"potentialAction\":[{\"@type\":\"SearchAction\",\"target\":{\"@type\":\"EntryPoint\",\"urlTemplate\":\"https:\/\/iwona.v-1.pl\/?s={search_term_string}\"},\"query-input\":\"required name=search_term_string\"}],\"inLanguage\":\"es\"},{\"@type\":\"WebPage\",\"@id\":\"https:\/\/businessconsulting.com.pl\/es\/politica-de-privacidad\/#webpage\",\"url\":\"https:\/\/businessconsulting.com.pl\/es\/politica-de-privacidad\/\",\"name\":\"Pol\u00edtica de Privacidad - Business Consulting (search &amp; selection)\",\"isPartOf\":{\"@id\":\"https:\/\/iwona.v-1.pl\/#website\"},\"datePublished\":\"2022-01-27T23:08:29+00:00\",\"dateModified\":\"2022-03-24T21:25:00+00:00\",\"breadcrumb\":{\"@id\":\"https:\/\/businessconsulting.com.pl\/es\/politica-de-privacidad\/#breadcrumb\"},\"inLanguage\":\"es\",\"potentialAction\":[{\"@type\":\"ReadAction\",\"target\":[\"https:\/\/businessconsulting.com.pl\/es\/politica-de-privacidad\/\"]}]},{\"@type\":\"BreadcrumbList\",\"@id\":\"https:\/\/businessconsulting.com.pl\/es\/politica-de-privacidad\/#breadcrumb\",\"itemListElement\":[{\"@type\":\"ListItem\",\"position\":1,\"name\":\"Strona g\u0142\u00f3wna\",\"item\":\"https:\/\/businessconsulting.com.pl\/es\/\"},{\"@type\":\"ListItem\",\"position\":2,\"name\":\"Pol\u00edtica de Privacidad\"}]}]}<\/script>\n<!-- \/ Yoast SEO plugin. -->","yoast_head_json":{"title":"Pol\u00edtica de Privacidad - Business Consulting (search &amp; selection)","robots":{"index":"index","follow":"follow","max-snippet":"max-snippet:-1","max-image-preview":"max-image-preview:large","max-video-preview":"max-video-preview:-1"},"canonical":"https:\/\/businessconsulting.com.pl\/es\/politica-de-privacidad\/","og_locale":"es_ES","og_type":"article","og_title":"Pol\u00edtica de Privacidad - Business Consulting (search &amp; selection)","og_description":"El administrador de datos personales\u00a0es Business Consulting Iwona Szybka con su oficina registrada en Varsovia en Ul. Wyspia\u0144skiego 4\/5 (en adelante BC). BC es una entidad que respeta plenamente las normas sobre la protecci\u00f3n de datos personales establecidas en el Reglamento (UE) 2016\/679 del Parlamento Europeo y del Consejo, de 27 de abril de 2016, &hellip;","og_url":"https:\/\/businessconsulting.com.pl\/es\/politica-de-privacidad\/","og_site_name":"Business Consulting (search &amp; selection)","article_modified_time":"2022-03-24T21:25:00+00:00","og_image":[{"width":179,"height":95,"url":"https:\/\/businessconsulting.com.pl\/wp-content\/uploads\/2022\/01\/logo-95.png","type":"image\/png"}],"twitter_card":"summary_large_image","twitter_misc":{"Tiempo de lectura":"6 minutos"},"schema":{"@context":"https:\/\/schema.org","@graph":[{"@type":"WebSite","@id":"https:\/\/iwona.v-1.pl\/#website","url":"https:\/\/iwona.v-1.pl\/","name":"Business Consulting (search &amp; selection)","description":"","potentialAction":[{"@type":"SearchAction","target":{"@type":"EntryPoint","urlTemplate":"https:\/\/iwona.v-1.pl\/?s={search_term_string}"},"query-input":"required name=search_term_string"}],"inLanguage":"es"},{"@type":"WebPage","@id":"https:\/\/businessconsulting.com.pl\/es\/politica-de-privacidad\/#webpage","url":"https:\/\/businessconsulting.com.pl\/es\/politica-de-privacidad\/","name":"Pol\u00edtica de Privacidad - Business Consulting (search &amp; selection)","isPartOf":{"@id":"https:\/\/iwona.v-1.pl\/#website"},"datePublished":"2022-01-27T23:08:29+00:00","dateModified":"2022-03-24T21:25:00+00:00","breadcrumb":{"@id":"https:\/\/businessconsulting.com.pl\/es\/politica-de-privacidad\/#breadcrumb"},"inLanguage":"es","potentialAction":[{"@type":"ReadAction","target":["https:\/\/businessconsulting.com.pl\/es\/politica-de-privacidad\/"]}]},{"@type":"BreadcrumbList","@id":"https:\/\/businessconsulting.com.pl\/es\/politica-de-privacidad\/#breadcrumb","itemListElement":[{"@type":"ListItem","position":1,"name":"Strona g\u0142\u00f3wna","item":"https:\/\/businessconsulting.com.pl\/es\/"},{"@type":"ListItem","position":2,"name":"Pol\u00edtica de Privacidad"}]}]}},"_links":{"self":[{"href":"https:\/\/businessconsulting.com.pl\/es\/wp-json\/wp\/v2\/pages\/881","targetHints":{"allow":["GET"]}}],"collection":[{"href":"https:\/\/businessconsulting.com.pl\/es\/wp-json\/wp\/v2\/pages"}],"about":[{"href":"https:\/\/businessconsulting.com.pl\/es\/wp-json\/wp\/v2\/types\/page"}],"author":[{"embeddable":true,"href":"https:\/\/businessconsulting.com.pl\/es\/wp-json\/wp\/v2\/users\/1"}],"replies":[{"embeddable":true,"href":"https:\/\/businessconsulting.com.pl\/es\/wp-json\/wp\/v2\/comments?post=881"}],"version-history":[{"count":1,"href":"https:\/\/businessconsulting.com.pl\/es\/wp-json\/wp\/v2\/pages\/881\/revisions"}],"predecessor-version":[{"id":882,"href":"https:\/\/businessconsulting.com.pl\/es\/wp-json\/wp\/v2\/pages\/881\/revisions\/882"}],"wp:attachment":[{"href":"https:\/\/businessconsulting.com.pl\/es\/wp-json\/wp\/v2\/media?parent=881"}],"curies":[{"name":"wp","href":"https:\/\/api.w.org\/{rel}","templated":true}]}}