{"id":2457,"date":"2022-02-18T11:17:34","date_gmt":"2022-02-18T11:17:34","guid":{"rendered":"https:\/\/businessconsulting.com.pl\/?page_id=2457"},"modified":"2022-04-01T11:01:03","modified_gmt":"2022-04-01T11:01:03","slug":"registra-tu-curriculum","status":"publish","type":"page","link":"https:\/\/businessconsulting.com.pl\/es\/registra-tu-curriculum\/","title":{"rendered":"Registra tu curr\u00edculum"},"content":{"rendered":"<div id=\"pl-2457\"  class=\"panel-layout\" ><div id=\"pg-2457-0\"  class=\"panel-grid panel-has-style\" ><div class=\"siteorigin-panels-stretch panel-row-style panel-row-style-for-2457-0\" data-stretch-type=\"full\" ><div id=\"pgc-2457-0-0\"  class=\"panel-grid-cell panel-grid-cell-empty\" ><\/div><div id=\"pgc-2457-0-1\"  class=\"panel-grid-cell panel-grid-cell-mobile-last\" ><div id=\"panel-2457-0-1-0\" class=\"so-panel widget widget_sow-editor panel-first-child panel-last-child\" data-index=\"0\" ><div class=\"panel-widget-style panel-widget-style-for-2457-0-1-0\" ><div class=\"so-widget-sow-editor so-widget-sow-editor-base\">\n<div class=\"siteorigin-widget-tinymce textwidget\">\n\t<h2 style=\"text-transform: uppercase;\">Env\u00eda tu <span style=\"color: #abbd26;\">CV<\/span><\/h2>\n<p>Si actualmente no tenemos una oferta en el campo de sus competencias, env\u00ede su CV Las solicitudes que nos env\u00eden deben contener:<\/p>\n<ul>\n<li>CV carta de presentaci\u00f3n (versi\u00f3n en polaco y en idioma extranjero, si conoce un idioma extranjero)<\/li>\n<li>y una Declaraci\u00f3n completa sobre el procesamiento de datos personales.<\/li>\n<\/ul>\n<\/div>\n<\/div><\/div><\/div><\/div><div id=\"pgc-2457-0-2\"  class=\"panel-grid-cell panel-grid-cell-empty\" ><\/div><\/div><\/div><div id=\"pg-2457-1\"  class=\"panel-grid panel-no-style\" ><div id=\"pgc-2457-1-0\"  class=\"panel-grid-cell panel-grid-cell-empty\" ><\/div><div id=\"pgc-2457-1-1\"  class=\"panel-grid-cell panel-grid-cell-mobile-last\" ><div id=\"panel-2457-1-1-0\" class=\"so-panel widget widget_sow-editor panel-first-child panel-last-child\" data-index=\"1\" ><div class=\"so-widget-sow-editor so-widget-sow-editor-base\">\n<div class=\"siteorigin-widget-tinymce textwidget\">\n\t<div role=\"form\" class=\"wpcf7\" id=\"wpcf7-f2465-o1\" lang=\"es-ES\" dir=\"ltr\">\n<div class=\"screen-reader-response\"><p role=\"status\" aria-live=\"polite\" aria-atomic=\"true\"><\/p> <ul><\/ul><\/div>\n<form action=\"\/es\/wp-json\/wp\/v2\/pages\/2457#wpcf7-f2465-o1\" method=\"post\" class=\"wpcf7-form init\" enctype=\"multipart\/form-data\" novalidate=\"novalidate\" data-status=\"init\">\n<div style=\"display: none;\">\n<input type=\"hidden\" name=\"_wpcf7\" value=\"2465\" \/>\n<input type=\"hidden\" name=\"_wpcf7_version\" value=\"5.5.6\" \/>\n<input type=\"hidden\" name=\"_wpcf7_locale\" value=\"es_ES\" \/>\n<input type=\"hidden\" name=\"_wpcf7_unit_tag\" value=\"wpcf7-f2465-o1\" \/>\n<input type=\"hidden\" name=\"_wpcf7_container_post\" value=\"0\" \/>\n<input type=\"hidden\" name=\"_wpcf7_posted_data_hash\" value=\"\" \/>\n<input type=\"hidden\" name=\"_wpcf7_recaptcha_response\" value=\"\" \/>\n<\/div>\n<div class=\"row \">\n<div class=\"col-lg-6 col-xs-12\"><span class=\"wpcf7-form-control-wrap first-name\"><input type=\"text\" name=\"first-name\" value=\"\" size=\"40\" class=\"wpcf7-form-control wpcf7-text wpcf7-validates-as-required form-control\" aria-required=\"true\" aria-invalid=\"false\" placeholder=\"Nombre\" \/><\/span> <\/div>\n<div class=\"col-lg-6 col-xs-12\"><span class=\"wpcf7-form-control-wrap last-name\"><input type=\"text\" name=\"last-name\" value=\"\" size=\"40\" class=\"wpcf7-form-control wpcf7-text form-control\" aria-invalid=\"false\" placeholder=\"Apellido\" \/><\/span> <\/div>\n<\/div>\n<div class=\"row \">\n<div class=\"col-lg-12\"><strong><label>Sexo<\/label><\/strong> <span class=\"wpcf7-form-control-wrap radio-872\"><span class=\"wpcf7-form-control wpcf7-radio\"><span class=\"wpcf7-list-item first\"><label><input type=\"radio\" name=\"radio-872\" value=\"mujer\" checked=\"checked\" \/><span class=\"wpcf7-list-item-label\">mujer<\/span><\/label><\/span><span class=\"wpcf7-list-item last\"><label><input type=\"radio\" name=\"radio-872\" value=\"hombre\" \/><span class=\"wpcf7-list-item-label\">hombre<\/span><\/label><\/span><\/span><\/span><\/div>\n<\/div>\n<div class=\"row\">\n<div class=\"col-lg-6 col-xs-12\"><span class=\"wpcf7-form-control-wrap your-email\"><input type=\"email\" name=\"your-email\" value=\"\" size=\"40\" class=\"wpcf7-form-control wpcf7-text wpcf7-email wpcf7-validates-as-required wpcf7-validates-as-email form-control\" aria-required=\"true\" aria-invalid=\"false\" placeholder=\"Correo electronico:\" \/><\/span> <\/div>\n<div class=\"col-lg-6 col-xs-12\"><span class=\"wpcf7-form-control-wrap your-phone\"><input type=\"text\" name=\"your-phone\" value=\"\" size=\"40\" class=\"wpcf7-form-control wpcf7-text wpcf7-validates-as-required form-control\" aria-required=\"true\" aria-invalid=\"false\" placeholder=\"N\u00famero de telefono:\" \/><\/span> <\/div>\n<\/div>\n<div class=\"row \">\n<div class=\"col-lg-12\"><strong><label>Adjunta tu curr\u00edculum<\/label><br \/><\/strong><span class=\"wpcf7-form-control-wrap file-950\"><input type=\"file\" name=\"file-950\" size=\"40\" class=\"wpcf7-form-control wpcf7-file wpcf7-validates-as-required\" accept=\".doc,.docx,.pdf,.odt\" aria-required=\"true\" aria-invalid=\"false\" \/><\/span><br \/><small>* archivos aceptables *.doc, *.docx, *.pdf, *.odt.<br \/>* el tama\u00f1o m\u00e1ximo de archivo es 2 MB<\/small><\/div>\n<\/div>\n<div class=\"row\">\n<div class=\"col-lg-12 col-xs-12\">\n<span class=\"wpcf7-form-control-wrap job_title\"><input type=\"hidden\" name=\"job_title\" value=\"Registra tu curr\u00edculum\" size=\"40\" class=\"wpcf7-form-control wpcf7dtx-dynamictext wpcf7-dynamichidden\" aria-invalid=\"false\" \/><\/span><span class=\"wpcf7-form-control-wrap job_url\"><input type=\"hidden\" name=\"job_url\" value=\"https:\/\/businessconsulting.com.pl:443\/es\/wp-json\/wp\/v2\/pages\/2457\" size=\"40\" class=\"wpcf7-form-control wpcf7dtx-dynamictext wpcf7-dynamichidden\" aria-invalid=\"false\" \/><\/span><\/p>\n<\/div>\n<\/div>\n<p class=\"submit-wrap\"><input type=\"submit\" value=\"Registra tu curr\u00edculum\" class=\"wpcf7-form-control has-spinner wpcf7-submit btn btn-primary\" \/><\/p>\n<div class=\"wpcf7-response-output\" aria-hidden=\"true\"><\/div><\/form><\/div>\n<\/div>\n<\/div><\/div><\/div><div id=\"pgc-2457-1-2\"  class=\"panel-grid-cell panel-grid-cell-empty\" ><\/div><\/div><div id=\"pg-2457-2\"  class=\"panel-grid panel-no-style\" ><div id=\"pgc-2457-2-0\"  class=\"panel-grid-cell\" ><div id=\"panel-2457-2-0-0\" class=\"so-panel widget widget_sow-editor panel-first-child\" data-index=\"2\" ><div class=\"so-widget-sow-editor so-widget-sow-editor-base\">\n<div class=\"siteorigin-widget-tinymce textwidget\">\n\t<h3 style=\"text-transform: uppercase;\">Discreci\u00f3n y <span style=\"color: #abbd26;\">confidencialidad <\/span><\/h3>\n<p>Garantizamos la total discreci\u00f3n y confidencialidad de la informaci\u00f3n y los datos que nos conf\u00edan, as\u00ed como el acceso continuo a nuestras aplicaciones y la posibilidad de actualizarlas o eliminarlas, de acuerdo con lo establecido en el RGPD.<\/p>\n<\/div>\n<\/div><\/div><div id=\"panel-2457-2-0-1\" class=\"so-panel widget widget_sow-editor panel-last-child\" data-index=\"3\" ><div class=\"so-widget-sow-editor so-widget-sow-editor-base\">\n<div class=\"siteorigin-widget-tinymce textwidget\">\n\t<p style=\"text-align: center;\"><a class=\"btn  btn-primary\" href=\"\/es\/politica-de-privacidad\/\" target=\"_self\"> Vea nuestra pol\u00edtica de privacidad<\/a><\/p>\n<\/div>\n<\/div><\/div><\/div><\/div><\/div>","protected":false},"excerpt":{"rendered":"<p>Env\u00eda tu CV Si actualmente no tenemos una oferta en el campo de sus competencias, env\u00ede su CV Las solicitudes que nos env\u00eden deben contener: CV carta de presentaci\u00f3n (versi\u00f3n en polaco y en idioma extranjero, si conoce un idioma extranjero) y una Declaraci\u00f3n completa sobre el procesamiento de datos personales.<\/p>\n","protected":false},"author":2,"featured_media":0,"parent":0,"menu_order":0,"comment_status":"closed","ping_status":"closed","template":"","meta":{"footnotes":""},"class_list":{"0":"post-2457","1":"page","2":"type-page","3":"status-publish","5":"clearfix","6":"article"},"acf":[],"yoast_head":"<!-- This site is optimized with the Yoast SEO plugin v18.4.1 - https:\/\/yoast.com\/wordpress\/plugins\/seo\/ -->\n<title>Registra tu curr\u00edculum - Business Consulting (search &amp; selection)<\/title>\n<meta name=\"robots\" content=\"index, follow, max-snippet:-1, max-image-preview:large, max-video-preview:-1\" \/>\n<link rel=\"canonical\" href=\"https:\/\/businessconsulting.com.pl\/es\/registra-tu-curriculum\/\" \/>\n<meta property=\"og:locale\" content=\"es_ES\" \/>\n<meta property=\"og:type\" content=\"article\" \/>\n<meta property=\"og:title\" content=\"Registra tu curr\u00edculum - Business Consulting (search &amp; selection)\" \/>\n<meta property=\"og:description\" content=\"Env\u00eda tu CV Si actualmente no tenemos una oferta en el campo de sus competencias, env\u00ede su CV Las solicitudes que nos env\u00eden deben contener: CV carta de presentaci\u00f3n (versi\u00f3n en polaco y en idioma extranjero, si conoce un idioma extranjero) y una Declaraci\u00f3n completa sobre el procesamiento de datos personales.\" \/>\n<meta property=\"og:url\" content=\"https:\/\/businessconsulting.com.pl\/es\/registra-tu-curriculum\/\" \/>\n<meta property=\"og:site_name\" content=\"Business Consulting (search &amp; selection)\" \/>\n<meta property=\"article:modified_time\" content=\"2022-04-01T11:01:03+00:00\" \/>\n<meta property=\"og:image\" content=\"https:\/\/businessconsulting.com.pl\/wp-content\/uploads\/2022\/01\/logo-95.png\" \/>\n\t<meta property=\"og:image:width\" content=\"179\" \/>\n\t<meta property=\"og:image:height\" content=\"95\" \/>\n\t<meta property=\"og:image:type\" content=\"image\/png\" \/>\n<meta name=\"twitter:card\" content=\"summary_large_image\" \/>\n<meta name=\"twitter:label1\" content=\"Tiempo de lectura\" \/>\n\t<meta name=\"twitter:data1\" content=\"1 minuto\" \/>\n<script type=\"application\/ld+json\" class=\"yoast-schema-graph\">{\"@context\":\"https:\/\/schema.org\",\"@graph\":[{\"@type\":\"WebSite\",\"@id\":\"https:\/\/iwona.v-1.pl\/#website\",\"url\":\"https:\/\/iwona.v-1.pl\/\",\"name\":\"Business Consulting (search &amp; selection)\",\"description\":\"\",\"potentialAction\":[{\"@type\":\"SearchAction\",\"target\":{\"@type\":\"EntryPoint\",\"urlTemplate\":\"https:\/\/iwona.v-1.pl\/?s={search_term_string}\"},\"query-input\":\"required name=search_term_string\"}],\"inLanguage\":\"es\"},{\"@type\":\"WebPage\",\"@id\":\"https:\/\/businessconsulting.com.pl\/es\/registra-tu-curriculum\/#webpage\",\"url\":\"https:\/\/businessconsulting.com.pl\/es\/registra-tu-curriculum\/\",\"name\":\"Registra tu curr\u00edculum - Business Consulting (search &amp; selection)\",\"isPartOf\":{\"@id\":\"https:\/\/iwona.v-1.pl\/#website\"},\"datePublished\":\"2022-02-18T11:17:34+00:00\",\"dateModified\":\"2022-04-01T11:01:03+00:00\",\"breadcrumb\":{\"@id\":\"https:\/\/businessconsulting.com.pl\/es\/registra-tu-curriculum\/#breadcrumb\"},\"inLanguage\":\"es\",\"potentialAction\":[{\"@type\":\"ReadAction\",\"target\":[\"https:\/\/businessconsulting.com.pl\/es\/registra-tu-curriculum\/\"]}]},{\"@type\":\"BreadcrumbList\",\"@id\":\"https:\/\/businessconsulting.com.pl\/es\/registra-tu-curriculum\/#breadcrumb\",\"itemListElement\":[{\"@type\":\"ListItem\",\"position\":1,\"name\":\"Strona g\u0142\u00f3wna\",\"item\":\"https:\/\/businessconsulting.com.pl\/es\/\"},{\"@type\":\"ListItem\",\"position\":2,\"name\":\"Registra tu curr\u00edculum\"}]}]}<\/script>\n<!-- \/ Yoast SEO plugin. -->","yoast_head_json":{"title":"Registra tu curr\u00edculum - Business Consulting (search &amp; selection)","robots":{"index":"index","follow":"follow","max-snippet":"max-snippet:-1","max-image-preview":"max-image-preview:large","max-video-preview":"max-video-preview:-1"},"canonical":"https:\/\/businessconsulting.com.pl\/es\/registra-tu-curriculum\/","og_locale":"es_ES","og_type":"article","og_title":"Registra tu curr\u00edculum - Business Consulting (search &amp; selection)","og_description":"Env\u00eda tu CV Si actualmente no tenemos una oferta en el campo de sus competencias, env\u00ede su CV Las solicitudes que nos env\u00eden deben contener: CV carta de presentaci\u00f3n (versi\u00f3n en polaco y en idioma extranjero, si conoce un idioma extranjero) y una Declaraci\u00f3n completa sobre el procesamiento de datos personales.","og_url":"https:\/\/businessconsulting.com.pl\/es\/registra-tu-curriculum\/","og_site_name":"Business Consulting (search &amp; selection)","article_modified_time":"2022-04-01T11:01:03+00:00","og_image":[{"width":179,"height":95,"url":"https:\/\/businessconsulting.com.pl\/wp-content\/uploads\/2022\/01\/logo-95.png","type":"image\/png"}],"twitter_card":"summary_large_image","twitter_misc":{"Tiempo de lectura":"1 minuto"},"schema":{"@context":"https:\/\/schema.org","@graph":[{"@type":"WebSite","@id":"https:\/\/iwona.v-1.pl\/#website","url":"https:\/\/iwona.v-1.pl\/","name":"Business Consulting (search &amp; selection)","description":"","potentialAction":[{"@type":"SearchAction","target":{"@type":"EntryPoint","urlTemplate":"https:\/\/iwona.v-1.pl\/?s={search_term_string}"},"query-input":"required name=search_term_string"}],"inLanguage":"es"},{"@type":"WebPage","@id":"https:\/\/businessconsulting.com.pl\/es\/registra-tu-curriculum\/#webpage","url":"https:\/\/businessconsulting.com.pl\/es\/registra-tu-curriculum\/","name":"Registra tu curr\u00edculum - Business Consulting (search &amp; selection)","isPartOf":{"@id":"https:\/\/iwona.v-1.pl\/#website"},"datePublished":"2022-02-18T11:17:34+00:00","dateModified":"2022-04-01T11:01:03+00:00","breadcrumb":{"@id":"https:\/\/businessconsulting.com.pl\/es\/registra-tu-curriculum\/#breadcrumb"},"inLanguage":"es","potentialAction":[{"@type":"ReadAction","target":["https:\/\/businessconsulting.com.pl\/es\/registra-tu-curriculum\/"]}]},{"@type":"BreadcrumbList","@id":"https:\/\/businessconsulting.com.pl\/es\/registra-tu-curriculum\/#breadcrumb","itemListElement":[{"@type":"ListItem","position":1,"name":"Strona g\u0142\u00f3wna","item":"https:\/\/businessconsulting.com.pl\/es\/"},{"@type":"ListItem","position":2,"name":"Registra tu curr\u00edculum"}]}]}},"_links":{"self":[{"href":"https:\/\/businessconsulting.com.pl\/es\/wp-json\/wp\/v2\/pages\/2457","targetHints":{"allow":["GET"]}}],"collection":[{"href":"https:\/\/businessconsulting.com.pl\/es\/wp-json\/wp\/v2\/pages"}],"about":[{"href":"https:\/\/businessconsulting.com.pl\/es\/wp-json\/wp\/v2\/types\/page"}],"author":[{"embeddable":true,"href":"https:\/\/businessconsulting.com.pl\/es\/wp-json\/wp\/v2\/users\/2"}],"replies":[{"embeddable":true,"href":"https:\/\/businessconsulting.com.pl\/es\/wp-json\/wp\/v2\/comments?post=2457"}],"version-history":[{"count":9,"href":"https:\/\/businessconsulting.com.pl\/es\/wp-json\/wp\/v2\/pages\/2457\/revisions"}],"predecessor-version":[{"id":2519,"href":"https:\/\/businessconsulting.com.pl\/es\/wp-json\/wp\/v2\/pages\/2457\/revisions\/2519"}],"wp:attachment":[{"href":"https:\/\/businessconsulting.com.pl\/es\/wp-json\/wp\/v2\/media?parent=2457"}],"curies":[{"name":"wp","href":"https:\/\/api.w.org\/{rel}","templated":true}]}}