{"id":2306,"date":"2022-02-18T09:54:47","date_gmt":"2022-02-18T09:54:47","guid":{"rendered":"https:\/\/businessconsulting.com.pl\/dla-pracodawcy\/"},"modified":"2022-03-28T21:01:24","modified_gmt":"2022-03-28T21:01:24","slug":"para-empleadores","status":"publish","type":"page","link":"https:\/\/businessconsulting.com.pl\/es\/para-empleadores\/","title":{"rendered":"PARA EMPLEADORES"},"content":{"rendered":"<div id=\"pl-2306\"  class=\"panel-layout\" ><div id=\"pg-2306-0\"  class=\"panel-grid panel-has-style\" ><div class=\"siteorigin-panels-stretch panel-row-style panel-row-style-for-2306-0\" data-stretch-type=\"full\" ><div id=\"pgc-2306-0-0\"  class=\"panel-grid-cell panel-grid-cell-empty\" ><\/div><div id=\"pgc-2306-0-1\"  class=\"panel-grid-cell panel-grid-cell-mobile-last\" ><div id=\"panel-2306-0-1-0\" class=\"so-panel widget widget_sow-editor panel-first-child panel-last-child\" data-index=\"0\" ><div class=\"panel-widget-style panel-widget-style-for-2306-0-1-0\" ><div class=\"so-widget-sow-editor so-widget-sow-editor-base\">\n<div class=\"siteorigin-widget-tinymce textwidget\">\n\t<h2 style=\"text-transform: uppercase;\">Servicio completo <span style=\"color: #abbd26;\">ajustado a las necesidades del Cliente<\/span><\/h2>\n<p>Nuestro \u00e9xito consiste en definir con precisi\u00f3n las necesidades del Cliente y aplicar  las soluciones oportunas a cada caso. Prestamos m\u00e1xima atenci\u00f3n a qu\u00e9 necesitan nuestros Clientes. La vasta experiencia acumulada en la direcci\u00f3n de proyectos en diversos sectores de mercado, combinada con la flexibilidad de nuestro equipo, garantizan que nuestras acciones sean personalizadas y, por consiguiente, eficaces.<\/p>\n<\/div>\n<\/div><\/div><\/div><\/div><div id=\"pgc-2306-0-2\"  class=\"panel-grid-cell panel-grid-cell-empty\" ><\/div><\/div><\/div><div id=\"pg-2306-1\"  class=\"panel-grid panel-no-style\" ><div id=\"pgc-2306-1-0\"  class=\"panel-grid-cell\" ><div id=\"panel-2306-1-0-0\" class=\"so-panel widget widget_sow-editor panel-first-child panel-last-child\" data-index=\"1\" ><div class=\"so-widget-sow-editor so-widget-sow-editor-base\">\n<div class=\"siteorigin-widget-tinymce textwidget\">\n\t<h3 style=\"text-transform: uppercase;\">Garant\u00eda <span style=\"color: #abbd26;\">para cada empleado<\/span><\/h3>\n<p>Nos sentimos plenamente responsables por los efectos de nuestro trabajo. Prestamos garant\u00eda de entre 2 y 12 meses por cada Candidato que seleccionamos, dependiendo del puesto de trabajo y la metodolog\u00eda aplicada.<br \/>\nSomos especialistas en b\u00fasqueda y selecci\u00f3n de directivos, mandos intermedios, profesionales de alto grado de especializaci\u00f3n y personal administrativo de diferentes sectores de mercado. Llegamos a los Candidatos aplicando el m\u00e9todo de b\u00fasqueda directa Executive Search i Head Hunting y los m\u00e9todos cl\u00e1sicos: con el uso de los anuncios y nuestra propia, -constantemente actualizada- base de datos.<\/p>\n<\/div>\n<\/div><\/div><\/div><\/div><div id=\"pg-2306-2\"  class=\"panel-grid panel-no-style\" ><div id=\"pgc-2306-2-0\"  class=\"panel-grid-cell\" ><div id=\"panel-2306-2-0-0\" class=\"so-panel widget widget_sow-editor panel-first-child panel-last-child\" data-index=\"2\" ><div class=\"so-widget-sow-editor so-widget-sow-editor-base\">\n<div class=\"siteorigin-widget-tinymce textwidget\">\n\t<h3 style=\"text-transform: uppercase;\">Comunicaci\u00f3n <span style=\"color: #abbd26;\">con Clientes<\/span><\/h3>\n<p>A lo largo de todo el proceso centramos nuestros esfuerzos en la comunicaci\u00f3n con el Cliente, le escuchamos con atenci\u00f3n y le informamos sobre el desarrollo del proyecto. En cada proceso de selecci\u00f3n colabora un asesor especializado, apoyado por un supervisor. Nuestros Clientes nos describen como una empresa digna de confianza. Aprecian la discreci\u00f3n y la orientaci\u00f3n a sus necesidades.<\/p>\n<\/div>\n<\/div><\/div><\/div><\/div><div id=\"pg-2306-3\"  class=\"panel-grid panel-no-style\" ><div id=\"pgc-2306-3-0\"  class=\"panel-grid-cell panel-grid-cell-empty\" ><\/div><div id=\"pgc-2306-3-1\"  class=\"panel-grid-cell panel-grid-cell-mobile-last\" ><div id=\"panel-2306-3-1-0\" class=\"so-panel widget widget_sow-editor panel-first-child panel-last-child\" data-index=\"3\" ><div class=\"so-widget-sow-editor so-widget-sow-editor-base\">\n<div class=\"siteorigin-widget-tinymce textwidget\">\n\t<h3 style=\"text-transform: uppercase;\"Contacto <span style=\"color: #abbd26;\">para empleadores<\/h3>\n<div role=\"form\" class=\"wpcf7\" id=\"wpcf7-f2398-o1\" lang=\"es-ES\" dir=\"ltr\">\n<div class=\"screen-reader-response\"><p role=\"status\" aria-live=\"polite\" aria-atomic=\"true\"><\/p> <ul><\/ul><\/div>\n<form action=\"\/es\/wp-json\/wp\/v2\/pages\/2306#wpcf7-f2398-o1\" method=\"post\" class=\"wpcf7-form init\" novalidate=\"novalidate\" data-status=\"init\">\n<div style=\"display: none;\">\n<input type=\"hidden\" name=\"_wpcf7\" value=\"2398\" \/>\n<input type=\"hidden\" name=\"_wpcf7_version\" value=\"5.5.6\" \/>\n<input type=\"hidden\" name=\"_wpcf7_locale\" value=\"es_ES\" \/>\n<input type=\"hidden\" name=\"_wpcf7_unit_tag\" value=\"wpcf7-f2398-o1\" \/>\n<input type=\"hidden\" name=\"_wpcf7_container_post\" value=\"0\" \/>\n<input type=\"hidden\" name=\"_wpcf7_posted_data_hash\" value=\"\" \/>\n<input type=\"hidden\" name=\"_wpcf7_recaptcha_response\" value=\"\" \/>\n<\/div>\n<div class=\"row \">\n<div class=\"col-lg-6 col-xs-12\"><span class=\"wpcf7-form-control-wrap company-name\"><input type=\"text\" name=\"company-name\" value=\"\" size=\"40\" class=\"wpcf7-form-control wpcf7-text wpcf7-validates-as-required form-control\" aria-required=\"true\" aria-invalid=\"false\" placeholder=\"Nombre de la empresa:\" \/><\/span> <\/div>\n<div class=\"col-lg-6 col-xs-12\"><span class=\"wpcf7-form-control-wrap your-name\"><input type=\"text\" name=\"your-name\" value=\"\" size=\"40\" class=\"wpcf7-form-control wpcf7-text form-control\" aria-invalid=\"false\" placeholder=\"Nombre \/ apellido\" \/><\/span> <\/div>\n<\/div>\n<div class=\"row\">\n<div class=\"col-lg-6 col-xs-12\"><span class=\"wpcf7-form-control-wrap your-email\"><input type=\"email\" name=\"your-email\" value=\"\" size=\"40\" class=\"wpcf7-form-control wpcf7-text wpcf7-email wpcf7-validates-as-required wpcf7-validates-as-email form-control\" aria-required=\"true\" aria-invalid=\"false\" placeholder=\"Correo electronico:\" \/><\/span> <\/div>\n<div class=\"col-lg-6 col-xs-12\"><span class=\"wpcf7-form-control-wrap your-phone\"><input type=\"text\" name=\"your-phone\" value=\"\" size=\"40\" class=\"wpcf7-form-control wpcf7-text wpcf7-validates-as-required form-control\" aria-required=\"true\" aria-invalid=\"false\" placeholder=\"N\u00famero de telefono:\" \/><\/span> <\/div>\n<div class=\"col-lg-6 col-xs-12\"><span class=\"wpcf7-form-control-wrap country\"><input type=\"text\" name=\"country\" value=\"\" size=\"40\" class=\"wpcf7-form-control wpcf7-text form-control\" aria-invalid=\"false\" placeholder=\"Pais\/regi\u00f3n:\" \/><\/span> <\/div>\n<div class=\"col-lg-6 col-xs-12\"><span class=\"wpcf7-form-control-wrap city\"><input type=\"text\" name=\"city\" value=\"\" size=\"40\" class=\"wpcf7-form-control wpcf7-text form-control\" aria-invalid=\"false\" placeholder=\"Ciudad:\" \/><\/span> <\/div>\n<div class=\"col-lg-12 col-xs-12\"><span class=\"wpcf7-form-control-wrap category\"><input type=\"text\" name=\"category\" value=\"\" size=\"40\" class=\"wpcf7-form-control wpcf7-text wpcf7-validates-as-required form-control\" aria-required=\"true\" aria-invalid=\"false\" placeholder=\"Sector\/ especialisaci\u00f3n de la empresa:\" \/><\/span> <\/div>\n<div class=\"col-lg-12 col-xs-12\"><span class=\"wpcf7-form-control-wrap your-inquiry\"><select name=\"your-inquiry\" class=\"wpcf7-form-control wpcf7-select form-control\" aria-invalid=\"false\"><option value=\"Servicio requerido:\">Servicio requerido:<\/option><option value=\"- tenemos nuestra oficina en Polonia y buscamos un servicio local de b\u00fasqueda de ejecutivos.\">- tenemos nuestra oficina en Polonia y buscamos un servicio local de b\u00fasqueda de ejecutivos.<\/option><option value=\"- somos una empresa ,con planes de implantarse en el mercado polaco que busca una empresa local de b\u00fasqueda de ejecutivos\">- somos una empresa ,con planes de implantarse en el mercado polaco que busca una empresa local de b\u00fasqueda de ejecutivos<\/option><option value=\"- necesitamos un apoyo de servicio de coaching \/ mentoring en su pa\u00eds\">- necesitamos un apoyo de servicio de coaching \/ mentoring en su pa\u00eds<\/option><\/select><\/span><\/div>\n<div class=\"col-lg-12\"><span class=\"wpcf7-form-control-wrap your-message\"><textarea name=\"your-message\" cols=\"40\" rows=\"10\" class=\"wpcf7-form-control wpcf7-textarea form-control\" aria-invalid=\"false\" placeholder=\"Tipo de consulta:\"><\/textarea><\/span> <\/div>\n<\/div>\n<div class=\"row\">\n<div class=\"col-lg-12 col-xs-12\">\n<span class=\"wpcf7-form-control-wrap job_title\"><input type=\"hidden\" name=\"job_title\" value=\"PARA EMPLEADORES\" size=\"40\" class=\"wpcf7-form-control wpcf7dtx-dynamictext wpcf7-dynamichidden\" aria-invalid=\"false\" \/><\/span><span class=\"wpcf7-form-control-wrap job_url\"><input type=\"hidden\" name=\"job_url\" value=\"https:\/\/businessconsulting.com.pl:443\/es\/wp-json\/wp\/v2\/pages\/2306\" size=\"40\" class=\"wpcf7-form-control wpcf7dtx-dynamictext wpcf7-dynamichidden\" aria-invalid=\"false\" \/><\/span><\/p>\n<\/div>\n<\/div>\n<p class=\"submit-wrap\"><input type=\"submit\" value=\"enviar\" class=\"wpcf7-form-control has-spinner wpcf7-submit btn btn-primary\" \/><\/p>\n<div class=\"wpcf7-response-output\" aria-hidden=\"true\"><\/div><\/form><\/div>\n<\/div>\n<\/div><\/div><\/div><div id=\"pgc-2306-3-2\"  class=\"panel-grid-cell panel-grid-cell-empty\" ><\/div><\/div><div id=\"pg-2306-4\"  class=\"panel-grid panel-no-style\" ><div id=\"pgc-2306-4-0\"  class=\"panel-grid-cell\" ><div id=\"panel-2306-4-0-0\" class=\"so-panel widget widget_sow-editor panel-first-child panel-last-child\" data-index=\"4\" ><div class=\"so-widget-sow-editor so-widget-sow-editor-base\">\n<div class=\"siteorigin-widget-tinymce textwidget\">\n\t<p style=\"text-align: center;\"><a class=\"btn  btn-primary\" href=\"\/es\/politica-de-privacidad\/\" target=\"_self\"> V<span class=\"m_-5387312525865123538jlqj4b\">ea nuestra pol\u00edtica de privacidad<\/span><\/a><\/p>\n<\/div>\n<\/div><\/div><\/div><\/div><\/div>","protected":false},"excerpt":{"rendered":"<p>Servicio completo ajustado a las necesidades del Cliente Nuestro \u00e9xito consiste en definir con precisi\u00f3n las necesidades del Cliente y aplicar las soluciones oportunas a cada caso. Prestamos m\u00e1xima atenci\u00f3n a qu\u00e9 necesitan nuestros Clientes. La vasta experiencia acumulada en la direcci\u00f3n de proyectos en diversos sectores de mercado, combinada con la flexibilidad de nuestro &hellip;<\/p>\n","protected":false},"author":2,"featured_media":0,"parent":0,"menu_order":0,"comment_status":"closed","ping_status":"closed","template":"","meta":{"footnotes":""},"class_list":{"0":"post-2306","1":"page","2":"type-page","3":"status-publish","5":"clearfix","6":"article"},"acf":[],"yoast_head":"<!-- This site is optimized with the Yoast SEO plugin v18.4.1 - https:\/\/yoast.com\/wordpress\/plugins\/seo\/ -->\n<title>PARA EMPLEADORES - Business Consulting (search &amp; selection)<\/title>\n<meta name=\"robots\" content=\"index, follow, max-snippet:-1, max-image-preview:large, max-video-preview:-1\" \/>\n<link rel=\"canonical\" href=\"https:\/\/businessconsulting.com.pl\/es\/para-empleadores\/\" \/>\n<meta property=\"og:locale\" content=\"es_ES\" \/>\n<meta property=\"og:type\" content=\"article\" \/>\n<meta property=\"og:title\" content=\"PARA EMPLEADORES - Business Consulting (search &amp; selection)\" \/>\n<meta property=\"og:description\" content=\"Servicio completo ajustado a las necesidades del Cliente Nuestro \u00e9xito consiste en definir con precisi\u00f3n las necesidades del Cliente y aplicar las soluciones oportunas a cada caso. Prestamos m\u00e1xima atenci\u00f3n a qu\u00e9 necesitan nuestros Clientes. La vasta experiencia acumulada en la direcci\u00f3n de proyectos en diversos sectores de mercado, combinada con la flexibilidad de nuestro &hellip;\" \/>\n<meta property=\"og:url\" content=\"https:\/\/businessconsulting.com.pl\/es\/para-empleadores\/\" \/>\n<meta property=\"og:site_name\" content=\"Business Consulting (search &amp; selection)\" \/>\n<meta property=\"article:modified_time\" content=\"2022-03-28T21:01:24+00:00\" \/>\n<meta property=\"og:image\" content=\"https:\/\/businessconsulting.com.pl\/wp-content\/uploads\/2022\/01\/logo-95.png\" \/>\n\t<meta property=\"og:image:width\" content=\"179\" \/>\n\t<meta property=\"og:image:height\" content=\"95\" \/>\n\t<meta property=\"og:image:type\" content=\"image\/png\" \/>\n<meta name=\"twitter:card\" content=\"summary_large_image\" \/>\n<meta name=\"twitter:label1\" content=\"Tiempo de lectura\" \/>\n\t<meta name=\"twitter:data1\" content=\"1 minuto\" \/>\n<script type=\"application\/ld+json\" class=\"yoast-schema-graph\">{\"@context\":\"https:\/\/schema.org\",\"@graph\":[{\"@type\":\"WebSite\",\"@id\":\"https:\/\/iwona.v-1.pl\/#website\",\"url\":\"https:\/\/iwona.v-1.pl\/\",\"name\":\"Business Consulting (search &amp; selection)\",\"description\":\"\",\"potentialAction\":[{\"@type\":\"SearchAction\",\"target\":{\"@type\":\"EntryPoint\",\"urlTemplate\":\"https:\/\/iwona.v-1.pl\/?s={search_term_string}\"},\"query-input\":\"required name=search_term_string\"}],\"inLanguage\":\"es\"},{\"@type\":\"WebPage\",\"@id\":\"https:\/\/businessconsulting.com.pl\/es\/para-empleadores\/#webpage\",\"url\":\"https:\/\/businessconsulting.com.pl\/es\/para-empleadores\/\",\"name\":\"PARA EMPLEADORES - Business Consulting (search &amp; selection)\",\"isPartOf\":{\"@id\":\"https:\/\/iwona.v-1.pl\/#website\"},\"datePublished\":\"2022-02-18T09:54:47+00:00\",\"dateModified\":\"2022-03-28T21:01:24+00:00\",\"breadcrumb\":{\"@id\":\"https:\/\/businessconsulting.com.pl\/es\/para-empleadores\/#breadcrumb\"},\"inLanguage\":\"es\",\"potentialAction\":[{\"@type\":\"ReadAction\",\"target\":[\"https:\/\/businessconsulting.com.pl\/es\/para-empleadores\/\"]}]},{\"@type\":\"BreadcrumbList\",\"@id\":\"https:\/\/businessconsulting.com.pl\/es\/para-empleadores\/#breadcrumb\",\"itemListElement\":[{\"@type\":\"ListItem\",\"position\":1,\"name\":\"Strona g\u0142\u00f3wna\",\"item\":\"https:\/\/businessconsulting.com.pl\/es\/\"},{\"@type\":\"ListItem\",\"position\":2,\"name\":\"PARA EMPLEADORES\"}]}]}<\/script>\n<!-- \/ Yoast SEO plugin. -->","yoast_head_json":{"title":"PARA EMPLEADORES - Business Consulting (search &amp; selection)","robots":{"index":"index","follow":"follow","max-snippet":"max-snippet:-1","max-image-preview":"max-image-preview:large","max-video-preview":"max-video-preview:-1"},"canonical":"https:\/\/businessconsulting.com.pl\/es\/para-empleadores\/","og_locale":"es_ES","og_type":"article","og_title":"PARA EMPLEADORES - Business Consulting (search &amp; selection)","og_description":"Servicio completo ajustado a las necesidades del Cliente Nuestro \u00e9xito consiste en definir con precisi\u00f3n las necesidades del Cliente y aplicar las soluciones oportunas a cada caso. Prestamos m\u00e1xima atenci\u00f3n a qu\u00e9 necesitan nuestros Clientes. La vasta experiencia acumulada en la direcci\u00f3n de proyectos en diversos sectores de mercado, combinada con la flexibilidad de nuestro &hellip;","og_url":"https:\/\/businessconsulting.com.pl\/es\/para-empleadores\/","og_site_name":"Business Consulting (search &amp; selection)","article_modified_time":"2022-03-28T21:01:24+00:00","og_image":[{"width":179,"height":95,"url":"https:\/\/businessconsulting.com.pl\/wp-content\/uploads\/2022\/01\/logo-95.png","type":"image\/png"}],"twitter_card":"summary_large_image","twitter_misc":{"Tiempo de lectura":"1 minuto"},"schema":{"@context":"https:\/\/schema.org","@graph":[{"@type":"WebSite","@id":"https:\/\/iwona.v-1.pl\/#website","url":"https:\/\/iwona.v-1.pl\/","name":"Business Consulting (search &amp; selection)","description":"","potentialAction":[{"@type":"SearchAction","target":{"@type":"EntryPoint","urlTemplate":"https:\/\/iwona.v-1.pl\/?s={search_term_string}"},"query-input":"required name=search_term_string"}],"inLanguage":"es"},{"@type":"WebPage","@id":"https:\/\/businessconsulting.com.pl\/es\/para-empleadores\/#webpage","url":"https:\/\/businessconsulting.com.pl\/es\/para-empleadores\/","name":"PARA EMPLEADORES - Business Consulting (search &amp; selection)","isPartOf":{"@id":"https:\/\/iwona.v-1.pl\/#website"},"datePublished":"2022-02-18T09:54:47+00:00","dateModified":"2022-03-28T21:01:24+00:00","breadcrumb":{"@id":"https:\/\/businessconsulting.com.pl\/es\/para-empleadores\/#breadcrumb"},"inLanguage":"es","potentialAction":[{"@type":"ReadAction","target":["https:\/\/businessconsulting.com.pl\/es\/para-empleadores\/"]}]},{"@type":"BreadcrumbList","@id":"https:\/\/businessconsulting.com.pl\/es\/para-empleadores\/#breadcrumb","itemListElement":[{"@type":"ListItem","position":1,"name":"Strona g\u0142\u00f3wna","item":"https:\/\/businessconsulting.com.pl\/es\/"},{"@type":"ListItem","position":2,"name":"PARA EMPLEADORES"}]}]}},"_links":{"self":[{"href":"https:\/\/businessconsulting.com.pl\/es\/wp-json\/wp\/v2\/pages\/2306","targetHints":{"allow":["GET"]}}],"collection":[{"href":"https:\/\/businessconsulting.com.pl\/es\/wp-json\/wp\/v2\/pages"}],"about":[{"href":"https:\/\/businessconsulting.com.pl\/es\/wp-json\/wp\/v2\/types\/page"}],"author":[{"embeddable":true,"href":"https:\/\/businessconsulting.com.pl\/es\/wp-json\/wp\/v2\/users\/2"}],"replies":[{"embeddable":true,"href":"https:\/\/businessconsulting.com.pl\/es\/wp-json\/wp\/v2\/comments?post=2306"}],"version-history":[{"count":4,"href":"https:\/\/businessconsulting.com.pl\/es\/wp-json\/wp\/v2\/pages\/2306\/revisions"}],"predecessor-version":[{"id":2501,"href":"https:\/\/businessconsulting.com.pl\/es\/wp-json\/wp\/v2\/pages\/2306\/revisions\/2501"}],"wp:attachment":[{"href":"https:\/\/businessconsulting.com.pl\/es\/wp-json\/wp\/v2\/media?parent=2306"}],"curies":[{"name":"wp","href":"https:\/\/api.w.org\/{rel}","templated":true}]}}