{"id":2304,"date":"2022-02-18T10:18:06","date_gmt":"2022-02-18T10:18:06","guid":{"rendered":"https:\/\/businessconsulting.com.pl\/dla-kandydata\/"},"modified":"2022-03-28T21:09:06","modified_gmt":"2022-03-28T21:09:06","slug":"para-candidatos","status":"publish","type":"page","link":"https:\/\/businessconsulting.com.pl\/es\/para-candidatos\/","title":{"rendered":"Para candidatos"},"content":{"rendered":"<div id=\"pl-2304\"  class=\"panel-layout\" ><div id=\"pg-2304-0\"  class=\"panel-grid panel-has-style\" ><div class=\"siteorigin-panels-stretch panel-row-style panel-row-style-for-2304-0\" data-stretch-type=\"full\" ><div id=\"pgc-2304-0-0\"  class=\"panel-grid-cell panel-grid-cell-empty\" ><\/div><div id=\"pgc-2304-0-1\"  class=\"panel-grid-cell panel-grid-cell-mobile-last\" ><div id=\"panel-2304-0-1-0\" class=\"so-panel widget widget_sow-editor panel-first-child panel-last-child\" data-index=\"0\" ><div class=\"panel-widget-style panel-widget-style-for-2304-0-1-0\" ><div class=\"so-widget-sow-editor so-widget-sow-editor-base\">\n<div class=\"siteorigin-widget-tinymce textwidget\">\n\t<h2 style=\"text-transform: uppercase;\">Individualidad y <span style=\"color: #abbd26;\">confidencialidad <\/span><\/h2>\n<p>Reclutamos para puestos de gesti\u00f3n media y alta, altamente especializados y administrativos para empresas de varios sectores, que representan diferentes capitales y escalas de operaci\u00f3n: desde peque\u00f1as y medianas empresas polacas hasta multicorporaciones internacionales.<\/p>\n<\/div>\n<\/div><\/div><\/div><\/div><div id=\"pgc-2304-0-2\"  class=\"panel-grid-cell panel-grid-cell-empty\" ><\/div><\/div><\/div><div id=\"pg-2304-1\"  class=\"panel-grid panel-no-style\" ><div id=\"pgc-2304-1-0\"  class=\"panel-grid-cell\" ><div id=\"panel-2304-1-0-0\" class=\"so-panel widget widget_sow-editor panel-first-child\" data-index=\"1\" ><div class=\"so-widget-sow-editor so-widget-sow-editor-base\">\n<div class=\"siteorigin-widget-tinymce textwidget\">\n\t<h3 style=\"text-transform: uppercase;\">Comentarios independientemente <span style=\"color: #abbd26;\">de los resultados del reclutamiento<\/span><\/h3>\n<p>Nuestras contrataciones tienen como objetivo hacer coincidir a los Candidatos con puestos que correspondan a sus ambiciones, experiencia y expectativas con respecto a la especificidad del trabajo. Brindamos a cada candidato que participa en el proceso de reclutamiento un enfoque personalizado e, independientemente del resultado del reclutamiento, tratamos de proporcionar retroalimentaci\u00f3n.<\/p>\n<\/div>\n<\/div><\/div><div id=\"panel-2304-1-0-1\" class=\"so-panel widget widget_sow-editor panel-last-child\" data-index=\"2\" ><div class=\"so-widget-sow-editor so-widget-sow-editor-base\">\n<div class=\"siteorigin-widget-tinymce textwidget\">\n\t<p style=\"text-align: center;\"><small>Por el momento, no disponemos de una lista de ofertas de empleo en espa\u00f1ol.<\/small><\/p>\n<p style=\"text-align: center;\"><a class=\"btn  btn-primary\" href=\"\/oferty-pracy\/\" target=\"_self\"> ver ofertas de empleo en polaco<\/a><\/p>\n<\/div>\n<\/div><\/div><\/div><div id=\"pgc-2304-1-1\"  class=\"panel-grid-cell\" ><div id=\"panel-2304-1-1-0\" class=\"so-panel widget widget_sow-editor panel-first-child\" data-index=\"3\" ><div class=\"so-widget-sow-editor so-widget-sow-editor-base\">\n<div class=\"siteorigin-widget-tinymce textwidget\">\n\t<h3 style=\"text-transform: uppercase;\">Env\u00eda <span style=\"color: #abbd26;\">tu CV<\/span><\/h3>\n<p>Si actualmente no tenemos una oferta en el campo de sus competencias, env\u00ede su CV Las solicitudes que nos env\u00eden deben contener:<\/p>\n<ul class=\"candidate\">\n<li>CV carta de presentaci\u00f3n (versi\u00f3n en polaco y en idioma extranjero, si conoce un idioma extranjero)<\/li>\n<li>y una Declaraci\u00f3n completa sobre el procesamiento de datos personales.<\/li>\n<\/ul>\n<\/div>\n<\/div><\/div><div id=\"panel-2304-1-1-1\" class=\"so-panel widget widget_sow-editor panel-last-child\" data-index=\"4\" ><div class=\"so-widget-sow-editor so-widget-sow-editor-base\">\n<div class=\"siteorigin-widget-tinymce textwidget\">\n\t<p style=\"text-align: center;\"><a class=\"btn  btn-secondary\" href=\"\/es\/registra-tu-curriculum\/\" target=\"_self\"> Registra tu curr\u00edculum<\/a><\/p>\n<\/div>\n<\/div><\/div><\/div><\/div><div id=\"pg-2304-2\"  class=\"panel-grid panel-no-style\" ><div id=\"pgc-2304-2-0\"  class=\"panel-grid-cell\" ><div id=\"panel-2304-2-0-0\" class=\"so-panel widget widget_sow-editor panel-first-child\" data-index=\"5\" ><div class=\"so-widget-sow-editor so-widget-sow-editor-base\">\n<div class=\"siteorigin-widget-tinymce textwidget\">\n\t<h3 style=\"text-transform: uppercase;\">Discreci\u00f3n y <span style=\"color: #abbd26;\">confidencialidad<\/span><\/h3>\n<p>Garantizamos la total discreci\u00f3n y confidencialidad de la informaci\u00f3n y los datos que nos conf\u00edan, as\u00ed como el acceso continuo a nuestras aplicaciones y la posibilidad de actualizarlas o eliminarlas, de acuerdo con lo establecido en el RGPD.<\/p>\n<\/div>\n<\/div><\/div><div id=\"panel-2304-2-0-1\" class=\"so-panel widget widget_sow-editor panel-last-child\" data-index=\"6\" ><div class=\"so-widget-sow-editor so-widget-sow-editor-base\">\n<div class=\"siteorigin-widget-tinymce textwidget\">\n\t<p style=\"text-align: center;\"><a class=\"btn  btn-primary\" href=\"\/es\/politica-de-privacidad\/\" target=\"_self\"> V<span class=\"m_-5387312525865123538jlqj4b\">ea nuestra pol\u00edtica de privacidad<\/span><\/a><\/p>\n<\/div>\n<\/div><\/div><\/div><\/div><\/div>","protected":false},"excerpt":{"rendered":"<p>Individualidad y confidencialidad Reclutamos para puestos de gesti\u00f3n media y alta, altamente especializados y administrativos para empresas de varios sectores, que representan diferentes capitales y escalas de operaci\u00f3n: desde peque\u00f1as y medianas empresas polacas hasta multicorporaciones internacionales. Comentarios independientemente de los resultados del reclutamiento Nuestras contrataciones tienen como objetivo hacer coincidir a los Candidatos con &hellip;<\/p>\n","protected":false},"author":2,"featured_media":0,"parent":0,"menu_order":0,"comment_status":"closed","ping_status":"closed","template":"","meta":{"footnotes":""},"class_list":{"0":"post-2304","1":"page","2":"type-page","3":"status-publish","5":"clearfix","6":"article"},"acf":[],"yoast_head":"<!-- This site is optimized with the Yoast SEO plugin v18.4.1 - https:\/\/yoast.com\/wordpress\/plugins\/seo\/ -->\n<title>Para candidatos - Business Consulting (search &amp; selection)<\/title>\n<meta name=\"robots\" content=\"index, follow, max-snippet:-1, max-image-preview:large, max-video-preview:-1\" \/>\n<link rel=\"canonical\" href=\"https:\/\/businessconsulting.com.pl\/es\/para-candidatos\/\" \/>\n<meta property=\"og:locale\" content=\"es_ES\" \/>\n<meta property=\"og:type\" content=\"article\" \/>\n<meta property=\"og:title\" content=\"Para candidatos - Business Consulting (search &amp; selection)\" \/>\n<meta property=\"og:description\" content=\"Individualidad y confidencialidad Reclutamos para puestos de gesti\u00f3n media y alta, altamente especializados y administrativos para empresas de varios sectores, que representan diferentes capitales y escalas de operaci\u00f3n: desde peque\u00f1as y medianas empresas polacas hasta multicorporaciones internacionales. Comentarios independientemente de los resultados del reclutamiento Nuestras contrataciones tienen como objetivo hacer coincidir a los Candidatos con &hellip;\" \/>\n<meta property=\"og:url\" content=\"https:\/\/businessconsulting.com.pl\/es\/para-candidatos\/\" \/>\n<meta property=\"og:site_name\" content=\"Business Consulting (search &amp; selection)\" \/>\n<meta property=\"article:modified_time\" content=\"2022-03-28T21:09:06+00:00\" \/>\n<meta property=\"og:image\" content=\"https:\/\/businessconsulting.com.pl\/wp-content\/uploads\/2022\/01\/logo-95.png\" \/>\n\t<meta property=\"og:image:width\" content=\"179\" \/>\n\t<meta property=\"og:image:height\" content=\"95\" \/>\n\t<meta property=\"og:image:type\" content=\"image\/png\" \/>\n<meta name=\"twitter:card\" content=\"summary_large_image\" \/>\n<meta name=\"twitter:label1\" content=\"Tiempo de lectura\" \/>\n\t<meta name=\"twitter:data1\" content=\"2 minutos\" \/>\n<script type=\"application\/ld+json\" class=\"yoast-schema-graph\">{\"@context\":\"https:\/\/schema.org\",\"@graph\":[{\"@type\":\"WebSite\",\"@id\":\"https:\/\/iwona.v-1.pl\/#website\",\"url\":\"https:\/\/iwona.v-1.pl\/\",\"name\":\"Business Consulting (search &amp; selection)\",\"description\":\"\",\"potentialAction\":[{\"@type\":\"SearchAction\",\"target\":{\"@type\":\"EntryPoint\",\"urlTemplate\":\"https:\/\/iwona.v-1.pl\/?s={search_term_string}\"},\"query-input\":\"required name=search_term_string\"}],\"inLanguage\":\"es\"},{\"@type\":\"WebPage\",\"@id\":\"https:\/\/businessconsulting.com.pl\/es\/para-candidatos\/#webpage\",\"url\":\"https:\/\/businessconsulting.com.pl\/es\/para-candidatos\/\",\"name\":\"Para candidatos - Business Consulting (search &amp; selection)\",\"isPartOf\":{\"@id\":\"https:\/\/iwona.v-1.pl\/#website\"},\"datePublished\":\"2022-02-18T10:18:06+00:00\",\"dateModified\":\"2022-03-28T21:09:06+00:00\",\"breadcrumb\":{\"@id\":\"https:\/\/businessconsulting.com.pl\/es\/para-candidatos\/#breadcrumb\"},\"inLanguage\":\"es\",\"potentialAction\":[{\"@type\":\"ReadAction\",\"target\":[\"https:\/\/businessconsulting.com.pl\/es\/para-candidatos\/\"]}]},{\"@type\":\"BreadcrumbList\",\"@id\":\"https:\/\/businessconsulting.com.pl\/es\/para-candidatos\/#breadcrumb\",\"itemListElement\":[{\"@type\":\"ListItem\",\"position\":1,\"name\":\"Strona g\u0142\u00f3wna\",\"item\":\"https:\/\/businessconsulting.com.pl\/es\/\"},{\"@type\":\"ListItem\",\"position\":2,\"name\":\"Para candidatos\"}]}]}<\/script>\n<!-- \/ Yoast SEO plugin. -->","yoast_head_json":{"title":"Para candidatos - Business Consulting (search &amp; selection)","robots":{"index":"index","follow":"follow","max-snippet":"max-snippet:-1","max-image-preview":"max-image-preview:large","max-video-preview":"max-video-preview:-1"},"canonical":"https:\/\/businessconsulting.com.pl\/es\/para-candidatos\/","og_locale":"es_ES","og_type":"article","og_title":"Para candidatos - Business Consulting (search &amp; selection)","og_description":"Individualidad y confidencialidad Reclutamos para puestos de gesti\u00f3n media y alta, altamente especializados y administrativos para empresas de varios sectores, que representan diferentes capitales y escalas de operaci\u00f3n: desde peque\u00f1as y medianas empresas polacas hasta multicorporaciones internacionales. Comentarios independientemente de los resultados del reclutamiento Nuestras contrataciones tienen como objetivo hacer coincidir a los Candidatos con &hellip;","og_url":"https:\/\/businessconsulting.com.pl\/es\/para-candidatos\/","og_site_name":"Business Consulting (search &amp; selection)","article_modified_time":"2022-03-28T21:09:06+00:00","og_image":[{"width":179,"height":95,"url":"https:\/\/businessconsulting.com.pl\/wp-content\/uploads\/2022\/01\/logo-95.png","type":"image\/png"}],"twitter_card":"summary_large_image","twitter_misc":{"Tiempo de lectura":"2 minutos"},"schema":{"@context":"https:\/\/schema.org","@graph":[{"@type":"WebSite","@id":"https:\/\/iwona.v-1.pl\/#website","url":"https:\/\/iwona.v-1.pl\/","name":"Business Consulting (search &amp; selection)","description":"","potentialAction":[{"@type":"SearchAction","target":{"@type":"EntryPoint","urlTemplate":"https:\/\/iwona.v-1.pl\/?s={search_term_string}"},"query-input":"required name=search_term_string"}],"inLanguage":"es"},{"@type":"WebPage","@id":"https:\/\/businessconsulting.com.pl\/es\/para-candidatos\/#webpage","url":"https:\/\/businessconsulting.com.pl\/es\/para-candidatos\/","name":"Para candidatos - Business Consulting (search &amp; selection)","isPartOf":{"@id":"https:\/\/iwona.v-1.pl\/#website"},"datePublished":"2022-02-18T10:18:06+00:00","dateModified":"2022-03-28T21:09:06+00:00","breadcrumb":{"@id":"https:\/\/businessconsulting.com.pl\/es\/para-candidatos\/#breadcrumb"},"inLanguage":"es","potentialAction":[{"@type":"ReadAction","target":["https:\/\/businessconsulting.com.pl\/es\/para-candidatos\/"]}]},{"@type":"BreadcrumbList","@id":"https:\/\/businessconsulting.com.pl\/es\/para-candidatos\/#breadcrumb","itemListElement":[{"@type":"ListItem","position":1,"name":"Strona g\u0142\u00f3wna","item":"https:\/\/businessconsulting.com.pl\/es\/"},{"@type":"ListItem","position":2,"name":"Para candidatos"}]}]}},"_links":{"self":[{"href":"https:\/\/businessconsulting.com.pl\/es\/wp-json\/wp\/v2\/pages\/2304","targetHints":{"allow":["GET"]}}],"collection":[{"href":"https:\/\/businessconsulting.com.pl\/es\/wp-json\/wp\/v2\/pages"}],"about":[{"href":"https:\/\/businessconsulting.com.pl\/es\/wp-json\/wp\/v2\/types\/page"}],"author":[{"embeddable":true,"href":"https:\/\/businessconsulting.com.pl\/es\/wp-json\/wp\/v2\/users\/2"}],"replies":[{"embeddable":true,"href":"https:\/\/businessconsulting.com.pl\/es\/wp-json\/wp\/v2\/comments?post=2304"}],"version-history":[{"count":15,"href":"https:\/\/businessconsulting.com.pl\/es\/wp-json\/wp\/v2\/pages\/2304\/revisions"}],"predecessor-version":[{"id":2503,"href":"https:\/\/businessconsulting.com.pl\/es\/wp-json\/wp\/v2\/pages\/2304\/revisions\/2503"}],"wp:attachment":[{"href":"https:\/\/businessconsulting.com.pl\/es\/wp-json\/wp\/v2\/media?parent=2304"}],"curies":[{"name":"wp","href":"https:\/\/api.w.org\/{rel}","templated":true}]}}