{"id":2278,"date":"2022-01-27T22:43:55","date_gmt":"2022-01-27T22:43:55","guid":{"rendered":"https:\/\/businessconsulting.com.pl\/kontakt\/"},"modified":"2022-04-05T17:21:28","modified_gmt":"2022-04-05T17:21:28","slug":"contacto","status":"publish","type":"page","link":"https:\/\/businessconsulting.com.pl\/es\/contacto\/","title":{"rendered":"CONTACTO"},"content":{"rendered":"<div id=\"pl-2278\"  class=\"panel-layout\" ><div id=\"pg-2278-0\"  class=\"panel-grid panel-no-style\" ><div id=\"pgc-2278-0-0\"  class=\"panel-grid-cell\" ><div id=\"panel-2278-0-0-0\" class=\"so-panel widget widget_sow-editor panel-first-child\" data-index=\"0\" ><div class=\"so-widget-sow-editor so-widget-sow-editor-base\">\n<div class=\"siteorigin-widget-tinymce textwidget\">\n\t<h3 style=\"text-transform: uppercase;\">DIRECCI\u00d3N <span style=\"color: #abbd26;\">DE LA OFICINA<\/span><\/h3>\n<p>Business Consulting<br \/>\n(search &amp; selection)<\/p>\n<p>Ul. Wyspia\u0144skiego 4\/5<br \/>\n01-577 Warszawa<\/p>\n<p>Tel.: + 48 601 33 54 36<\/p>\n<\/div>\n<\/div><\/div><div id=\"panel-2278-0-0-1\" class=\"so-panel widget widget_sow-editor panel-last-child\" data-index=\"1\" ><div class=\"so-widget-sow-editor so-widget-sow-editor-base\">\n<div class=\"siteorigin-widget-tinymce textwidget\">\n\t<h3 style=\"text-transform: uppercase;\">DATOS <span style=\"color: #abbd26;\">DE LA EMPRESA<\/span><\/h3>\n<p><strong>Business Consulting Iwona Szybka<\/strong><\/p>\n<p>Zarejestrowana w Centralnej Ewidencji i Informacji o Dzia\u0142alno\u015bci Gospodarczej RP (CEIDG) prowadzonej przez Ministerstwo Gospodarki.<\/p>\n<p>Wpis nr 51 w Krajowym Rejestrze Agencji Zatrudnienia<\/p>\n<p>NIP: 525-158-39-87<br \/>\nREGON: 014859036<\/p>\n<\/div>\n<\/div><\/div><\/div><div id=\"pgc-2278-0-1\"  class=\"panel-grid-cell\" ><div id=\"panel-2278-0-1-0\" class=\"so-panel widget widget_sow-editor panel-first-child\" data-index=\"2\" ><div class=\"so-widget-sow-editor so-widget-sow-editor-base\">\n<div class=\"siteorigin-widget-tinymce textwidget\">\n\t<h3 style=\"text-transform: uppercase;\">CONTACTe<span style=\"color: #abbd26;\"><span class=\"VIiyi\" lang=\"es\"><span class=\"JLqJ4b ChMk0b\" data-language-for-alternatives=\"es\" data-language-to-translate-into=\"pl\" data-phrase-index=\"0\" data-number-of-phrases=\"1\">nos<\/span><\/span>\u00a0<\/span><\/h3>\n<div role=\"form\" class=\"wpcf7\" id=\"wpcf7-f2442-o1\" lang=\"es-ES\" dir=\"ltr\">\n<div class=\"screen-reader-response\"><p role=\"status\" aria-live=\"polite\" aria-atomic=\"true\"><\/p> <ul><\/ul><\/div>\n<form action=\"\/es\/wp-json\/wp\/v2\/pages\/2278#wpcf7-f2442-o1\" method=\"post\" class=\"wpcf7-form init\" novalidate=\"novalidate\" data-status=\"init\">\n<div style=\"display: none;\">\n<input type=\"hidden\" name=\"_wpcf7\" value=\"2442\" \/>\n<input type=\"hidden\" name=\"_wpcf7_version\" value=\"5.5.6\" \/>\n<input type=\"hidden\" name=\"_wpcf7_locale\" value=\"es_ES\" \/>\n<input type=\"hidden\" name=\"_wpcf7_unit_tag\" value=\"wpcf7-f2442-o1\" \/>\n<input type=\"hidden\" name=\"_wpcf7_container_post\" value=\"0\" \/>\n<input type=\"hidden\" name=\"_wpcf7_posted_data_hash\" value=\"\" \/>\n<input type=\"hidden\" name=\"_wpcf7_recaptcha_response\" value=\"\" \/>\n<\/div>\n<div class=\"row \">\n<div class=\"col-lg-12 col-xs-12\"><span class=\"wpcf7-form-control-wrap your-name\"><input type=\"text\" name=\"your-name\" value=\"\" size=\"40\" class=\"wpcf7-form-control wpcf7-text form-control\" aria-invalid=\"false\" placeholder=\"Nombre\/apellido\" \/><\/span> <\/div>\n<\/div>\n<div class=\"row\">\n<div class=\"col-lg-6 col-xs-12\"><span class=\"wpcf7-form-control-wrap your-email\"><input type=\"email\" name=\"your-email\" value=\"\" size=\"40\" class=\"wpcf7-form-control wpcf7-text wpcf7-email wpcf7-validates-as-required wpcf7-validates-as-email form-control\" aria-required=\"true\" aria-invalid=\"false\" placeholder=\"Correo electr\u00f3nico:\" \/><\/span> <\/div>\n<div class=\"col-lg-6 col-xs-12\"><span class=\"wpcf7-form-control-wrap your-phone\"><input type=\"text\" name=\"your-phone\" value=\"\" size=\"40\" class=\"wpcf7-form-control wpcf7-text wpcf7-validates-as-required form-control\" aria-required=\"true\" aria-invalid=\"false\" placeholder=\"N\u00famero de tel\u00e9fono :\" \/><\/span> <\/div>\n<div class=\"col-lg-12\"><span class=\"wpcf7-form-control-wrap your-message\"><textarea name=\"your-message\" cols=\"40\" rows=\"10\" class=\"wpcf7-form-control wpcf7-textarea form-control\" aria-invalid=\"false\" placeholder=\"Tipo de consulta:\"><\/textarea><\/span> <\/div>\n<\/div>\n<div class=\"row\">\n<div class=\"col-lg-12 col-xs-12\"><span class=\"wpcf7-form-control-wrap job_title\"><input type=\"hidden\" name=\"job_title\" value=\"CONTACTO\" size=\"40\" class=\"wpcf7-form-control wpcf7dtx-dynamictext wpcf7-dynamichidden\" aria-invalid=\"false\" \/><\/span><span class=\"wpcf7-form-control-wrap job_url\"><input type=\"hidden\" name=\"job_url\" value=\"https:\/\/businessconsulting.com.pl:443\/es\/wp-json\/wp\/v2\/pages\/2278\" size=\"40\" class=\"wpcf7-form-control wpcf7dtx-dynamictext wpcf7-dynamichidden\" aria-invalid=\"false\" \/><\/span><br \/>\n<small><span class=\"wpcf7-form-control-wrap acceptance-7993\"><span class=\"wpcf7-form-control wpcf7-acceptance\"><span class=\"wpcf7-list-item\"><label><input type=\"checkbox\" name=\"acceptance-7993\" value=\"1\" aria-invalid=\"false\" \/><span class=\"wpcf7-list-item-label\">Por la presente doy mi consentimiento para el procesamiento de mis datos personales por parte de Business Consulting Iwona Szybka con sede en Varsovia en ul. Wyspia\u0144skiego 4\/5 (controlador de datos) para contactarme \/ responder a mi consulta, de conformidad con la ley, incluidas en particular las indicadas en el Reglamento del Parlamento Europeo y del Consejo (UE) 2016\/679 de 27 de abril de 2016 . sobre la protecci\u00f3n de las personas con respecto al procesamiento de datos personales y sobre la libre circulaci\u00f3n de dichos datos (\"GDPR\") y en los actos de ejecuci\u00f3n emitidos sobre su base.\n\n<hr \/>\nDeclaro que los datos facilitados por m\u00ed son correctos, los facilito voluntariamente y que he sido informado sobre el nombre y direcci\u00f3n del responsable del tratamiento, la finalidad de su recogida, as\u00ed como el derecho de acceso a mis datos y el derecho a rectificar, eliminar, limitar el procesamiento, el derecho a transferir datos, el derecho a oponerse al procesamiento de datos y el derecho a retirar cualquier consentimiento en cualquier momento - \"Pol\u00edtica de Privacidad \/ GDPR\".<\/span><\/label><\/span><\/span><\/span><br \/>\n<\/small>\n <\/div>\n<\/div>\n<p class=\"submit-wrap\"><input type=\"submit\" value=\"Enviar\" class=\"wpcf7-form-control has-spinner wpcf7-submit btn btn-primary\" \/><\/p>\n<div class=\"wpcf7-response-output\" aria-hidden=\"true\"><\/div><\/form><\/div>\n<\/div>\n<\/div><\/div><div id=\"panel-2278-0-1-1\" class=\"so-panel widget widget_sow-editor panel-last-child\" data-index=\"3\" ><div class=\"so-widget-sow-editor so-widget-sow-editor-base\">\n<div class=\"siteorigin-widget-tinymce textwidget\">\n\t<p style=\"text-align: center;\"><a class=\"btn  btn-primary\" href=\"\/es\/politica-de-privacidad\/\" target=\"_self\"> V<span class=\"m_-5387312525865123538jlqj4b\">ea nuestra pol\u00edtica de privacidad<\/span><\/a><\/p>\n<\/div>\n<\/div><\/div><\/div><\/div><div id=\"pg-2278-1\"  class=\"panel-grid panel-has-style\" ><div class=\"siteorigin-panels-stretch panel-row-style panel-row-style-for-2278-1\" data-stretch-type=\"full-stretched\" ><div id=\"pgc-2278-1-0\"  class=\"panel-grid-cell\" ><div id=\"panel-2278-1-0-0\" class=\"widget_text so-panel widget widget_custom_html panel-first-child panel-last-child\" data-index=\"4\" ><div class=\"textwidget custom-html-widget\"><iframe src=\"https:\/\/www.google.com\/maps\/embed?pb=!1m18!1m12!1m3!1d2441.8836361397184!2d20.97869281579791!3d52.26365807976645!2m3!1f0!2f0!3f0!3m2!1i1024!2i768!4f13.1!3m3!1m2!1s0x471ecb9290a6ab7d%3A0xa87a4a90c1539266!2sStanis%C5%82awa%20Wyspia%C5%84skiego%204%2C%2001-577%20Warszawa!5e0!3m2!1spl!2spl!4v1645119237879!5m2!1spl!2spl\" width=\"100%\" height=\"450\" style=\"border:0;\" allowfullscreen=\"\" loading=\"lazy\"><\/iframe><\/div><\/div><\/div><\/div><\/div><\/div>","protected":false},"excerpt":{"rendered":"<p>DIRECCI\u00d3N DE LA OFICINA Business Consulting (search &amp; selection) Ul. Wyspia\u0144skiego 4\/5 01-577 Warszawa Tel.: + 48 601 33 54 36 DATOS DE LA EMPRESA Business Consulting Iwona Szybka Zarejestrowana w Centralnej Ewidencji i Informacji o Dzia\u0142alno\u015bci Gospodarczej RP (CEIDG) prowadzonej przez Ministerstwo Gospodarki. Wpis nr 51 w Krajowym Rejestrze Agencji Zatrudnienia NIP: 525-158-39-87 REGON: &hellip;<\/p>\n","protected":false},"author":1,"featured_media":0,"parent":0,"menu_order":0,"comment_status":"closed","ping_status":"closed","template":"","meta":{"footnotes":""},"class_list":{"0":"post-2278","1":"page","2":"type-page","3":"status-publish","5":"clearfix","6":"article"},"acf":[],"yoast_head":"<!-- This site is optimized with the Yoast SEO plugin v18.4.1 - https:\/\/yoast.com\/wordpress\/plugins\/seo\/ -->\n<title>CONTACTO - Business Consulting (search &amp; selection)<\/title>\n<meta name=\"robots\" content=\"index, follow, max-snippet:-1, max-image-preview:large, max-video-preview:-1\" \/>\n<link rel=\"canonical\" href=\"https:\/\/businessconsulting.com.pl\/es\/contacto\/\" \/>\n<meta property=\"og:locale\" content=\"es_ES\" \/>\n<meta property=\"og:type\" content=\"article\" \/>\n<meta property=\"og:title\" content=\"CONTACTO - Business Consulting (search &amp; selection)\" \/>\n<meta property=\"og:description\" content=\"DIRECCI\u00d3N DE LA OFICINA Business Consulting (search &amp; selection) Ul. Wyspia\u0144skiego 4\/5 01-577 Warszawa Tel.: + 48 601 33 54 36 DATOS DE LA EMPRESA Business Consulting Iwona Szybka Zarejestrowana w Centralnej Ewidencji i Informacji o Dzia\u0142alno\u015bci Gospodarczej RP (CEIDG) prowadzonej przez Ministerstwo Gospodarki. Wpis nr 51 w Krajowym Rejestrze Agencji Zatrudnienia NIP: 525-158-39-87 REGON: &hellip;\" \/>\n<meta property=\"og:url\" content=\"https:\/\/businessconsulting.com.pl\/es\/contacto\/\" \/>\n<meta property=\"og:site_name\" content=\"Business Consulting (search &amp; selection)\" \/>\n<meta property=\"article:modified_time\" content=\"2022-04-05T17:21:28+00:00\" \/>\n<meta property=\"og:image\" content=\"https:\/\/businessconsulting.com.pl\/wp-content\/uploads\/2022\/01\/logo-95.png\" \/>\n\t<meta property=\"og:image:width\" content=\"179\" \/>\n\t<meta property=\"og:image:height\" content=\"95\" \/>\n\t<meta property=\"og:image:type\" content=\"image\/png\" \/>\n<meta name=\"twitter:card\" content=\"summary_large_image\" \/>\n<meta name=\"twitter:label1\" content=\"Tiempo de lectura\" \/>\n\t<meta name=\"twitter:data1\" content=\"1 minuto\" \/>\n<script type=\"application\/ld+json\" class=\"yoast-schema-graph\">{\"@context\":\"https:\/\/schema.org\",\"@graph\":[{\"@type\":\"WebSite\",\"@id\":\"https:\/\/iwona.v-1.pl\/#website\",\"url\":\"https:\/\/iwona.v-1.pl\/\",\"name\":\"Business Consulting (search &amp; selection)\",\"description\":\"\",\"potentialAction\":[{\"@type\":\"SearchAction\",\"target\":{\"@type\":\"EntryPoint\",\"urlTemplate\":\"https:\/\/iwona.v-1.pl\/?s={search_term_string}\"},\"query-input\":\"required name=search_term_string\"}],\"inLanguage\":\"es\"},{\"@type\":\"WebPage\",\"@id\":\"https:\/\/businessconsulting.com.pl\/es\/contacto\/#webpage\",\"url\":\"https:\/\/businessconsulting.com.pl\/es\/contacto\/\",\"name\":\"CONTACTO - Business Consulting (search &amp; selection)\",\"isPartOf\":{\"@id\":\"https:\/\/iwona.v-1.pl\/#website\"},\"datePublished\":\"2022-01-27T22:43:55+00:00\",\"dateModified\":\"2022-04-05T17:21:28+00:00\",\"breadcrumb\":{\"@id\":\"https:\/\/businessconsulting.com.pl\/es\/contacto\/#breadcrumb\"},\"inLanguage\":\"es\",\"potentialAction\":[{\"@type\":\"ReadAction\",\"target\":[\"https:\/\/businessconsulting.com.pl\/es\/contacto\/\"]}]},{\"@type\":\"BreadcrumbList\",\"@id\":\"https:\/\/businessconsulting.com.pl\/es\/contacto\/#breadcrumb\",\"itemListElement\":[{\"@type\":\"ListItem\",\"position\":1,\"name\":\"Strona g\u0142\u00f3wna\",\"item\":\"https:\/\/businessconsulting.com.pl\/es\/\"},{\"@type\":\"ListItem\",\"position\":2,\"name\":\"CONTACTO\"}]}]}<\/script>\n<!-- \/ Yoast SEO plugin. -->","yoast_head_json":{"title":"CONTACTO - Business Consulting (search &amp; selection)","robots":{"index":"index","follow":"follow","max-snippet":"max-snippet:-1","max-image-preview":"max-image-preview:large","max-video-preview":"max-video-preview:-1"},"canonical":"https:\/\/businessconsulting.com.pl\/es\/contacto\/","og_locale":"es_ES","og_type":"article","og_title":"CONTACTO - Business Consulting (search &amp; selection)","og_description":"DIRECCI\u00d3N DE LA OFICINA Business Consulting (search &amp; selection) Ul. Wyspia\u0144skiego 4\/5 01-577 Warszawa Tel.: + 48 601 33 54 36 DATOS DE LA EMPRESA Business Consulting Iwona Szybka Zarejestrowana w Centralnej Ewidencji i Informacji o Dzia\u0142alno\u015bci Gospodarczej RP (CEIDG) prowadzonej przez Ministerstwo Gospodarki. Wpis nr 51 w Krajowym Rejestrze Agencji Zatrudnienia NIP: 525-158-39-87 REGON: &hellip;","og_url":"https:\/\/businessconsulting.com.pl\/es\/contacto\/","og_site_name":"Business Consulting (search &amp; selection)","article_modified_time":"2022-04-05T17:21:28+00:00","og_image":[{"width":179,"height":95,"url":"https:\/\/businessconsulting.com.pl\/wp-content\/uploads\/2022\/01\/logo-95.png","type":"image\/png"}],"twitter_card":"summary_large_image","twitter_misc":{"Tiempo de lectura":"1 minuto"},"schema":{"@context":"https:\/\/schema.org","@graph":[{"@type":"WebSite","@id":"https:\/\/iwona.v-1.pl\/#website","url":"https:\/\/iwona.v-1.pl\/","name":"Business Consulting (search &amp; selection)","description":"","potentialAction":[{"@type":"SearchAction","target":{"@type":"EntryPoint","urlTemplate":"https:\/\/iwona.v-1.pl\/?s={search_term_string}"},"query-input":"required name=search_term_string"}],"inLanguage":"es"},{"@type":"WebPage","@id":"https:\/\/businessconsulting.com.pl\/es\/contacto\/#webpage","url":"https:\/\/businessconsulting.com.pl\/es\/contacto\/","name":"CONTACTO - Business Consulting (search &amp; selection)","isPartOf":{"@id":"https:\/\/iwona.v-1.pl\/#website"},"datePublished":"2022-01-27T22:43:55+00:00","dateModified":"2022-04-05T17:21:28+00:00","breadcrumb":{"@id":"https:\/\/businessconsulting.com.pl\/es\/contacto\/#breadcrumb"},"inLanguage":"es","potentialAction":[{"@type":"ReadAction","target":["https:\/\/businessconsulting.com.pl\/es\/contacto\/"]}]},{"@type":"BreadcrumbList","@id":"https:\/\/businessconsulting.com.pl\/es\/contacto\/#breadcrumb","itemListElement":[{"@type":"ListItem","position":1,"name":"Strona g\u0142\u00f3wna","item":"https:\/\/businessconsulting.com.pl\/es\/"},{"@type":"ListItem","position":2,"name":"CONTACTO"}]}]}},"_links":{"self":[{"href":"https:\/\/businessconsulting.com.pl\/es\/wp-json\/wp\/v2\/pages\/2278","targetHints":{"allow":["GET"]}}],"collection":[{"href":"https:\/\/businessconsulting.com.pl\/es\/wp-json\/wp\/v2\/pages"}],"about":[{"href":"https:\/\/businessconsulting.com.pl\/es\/wp-json\/wp\/v2\/types\/page"}],"author":[{"embeddable":true,"href":"https:\/\/businessconsulting.com.pl\/es\/wp-json\/wp\/v2\/users\/1"}],"replies":[{"embeddable":true,"href":"https:\/\/businessconsulting.com.pl\/es\/wp-json\/wp\/v2\/comments?post=2278"}],"version-history":[{"count":17,"href":"https:\/\/businessconsulting.com.pl\/es\/wp-json\/wp\/v2\/pages\/2278\/revisions"}],"predecessor-version":[{"id":2528,"href":"https:\/\/businessconsulting.com.pl\/es\/wp-json\/wp\/v2\/pages\/2278\/revisions\/2528"}],"wp:attachment":[{"href":"https:\/\/businessconsulting.com.pl\/es\/wp-json\/wp\/v2\/media?parent=2278"}],"curies":[{"name":"wp","href":"https:\/\/api.w.org\/{rel}","templated":true}]}}