{"id":2104,"date":"2022-01-27T22:43:06","date_gmt":"2022-01-27T22:43:06","guid":{"rendered":"https:\/\/businessconsulting.com.pl\/market-entry\/"},"modified":"2022-03-08T20:52:42","modified_gmt":"2022-03-08T20:52:42","slug":"market-entry","status":"publish","type":"page","link":"https:\/\/businessconsulting.com.pl\/es\/market-entry\/","title":{"rendered":"Market entry"},"content":{"rendered":"<div id=\"pl-2104\"  class=\"panel-layout\" ><div id=\"pg-2104-0\"  class=\"panel-grid panel-has-style\" ><div class=\"siteorigin-panels-stretch panel-row-style panel-row-style-for-2104-0\" data-stretch-type=\"full\" ><div id=\"pgc-2104-0-0\"  class=\"panel-grid-cell panel-grid-cell-empty\" ><\/div><div id=\"pgc-2104-0-1\"  class=\"panel-grid-cell panel-grid-cell-mobile-last\" ><div id=\"panel-2104-0-1-0\" class=\"so-panel widget widget_sow-editor panel-first-child panel-last-child\" data-index=\"0\" ><div class=\"panel-widget-style panel-widget-style-for-2104-0-1-0\" ><div class=\"so-widget-sow-editor so-widget-sow-editor-base\">\n<div class=\"siteorigin-widget-tinymce textwidget\">\n\t<h2 style=\"text-transform: uppercase;\">Entrada en el <span style=\"color: #abbd26;\">mercado Polaco<\/span><\/h2>\n<p>Market Entry es un servicio complejo que ofrecemos a las empresas extranjeras que quieran expandir su negocio en el mercado polaco. Se basa en la b\u00fasqueda y selecci\u00f3n de los principales gerentes y puede ser extendida por la consultor\u00eda legal, contable y de hacienda, realizada por empresas que recomendamos.<\/p>\n<\/div>\n<\/div><\/div><\/div><\/div><div id=\"pgc-2104-0-2\"  class=\"panel-grid-cell panel-grid-cell-empty\" ><\/div><\/div><\/div><div id=\"pg-2104-1\"  class=\"panel-grid panel-no-style\" ><div id=\"pgc-2104-1-0\"  class=\"panel-grid-cell\" ><div id=\"panel-2104-1-0-0\" class=\"so-panel widget widget_sow-editor panel-first-child\" data-index=\"1\" ><div class=\"so-widget-sow-editor so-widget-sow-editor-base\">\n<div class=\"siteorigin-widget-tinymce textwidget\">\n\t<h2 style=\"text-transform: uppercase;\">Selecci\u00f3n <span style=\"color: #abbd26;\">de los principales gerentes<\/span><\/h2>\n<p>Los procesos de selecci\u00f3n de principales cargos directivos para empresas que entran en el mercado polaco forman casi el 60% de nuestra cartera de proyectos.<\/p>\n<p>Hasta ahora hemos trabajado con empresas de diversos perfiles de:<br \/>\nEE.UU., Gran Breta\u00f1a, Espa\u00f1a, Israel, Dinamarca, Austria, Suecia, Finlandia, Ruman\u00eda, Italia, Francia, Alemania<\/p>\n<\/div>\n<\/div><\/div><div id=\"panel-2104-1-0-1\" class=\"so-panel widget widget_sow-image\" data-index=\"2\" ><div class=\"so-widget-sow-image so-widget-sow-image-default-6b88c04c1f9b-2104\">\n\n<div class=\"sow-image-container\">\n\t\t<img decoding=\"async\" src=\"https:\/\/businessconsulting.com.pl\/wp-content\/uploads\/2022\/02\/bcworld.png\" width=\"445\" height=\"220\" srcset=\"https:\/\/businessconsulting.com.pl\/wp-content\/uploads\/2022\/02\/bcworld.png 445w, https:\/\/businessconsulting.com.pl\/wp-content\/uploads\/2022\/02\/bcworld-300x148.png 300w\" sizes=\"auto, (max-width: 445px) 100vw, 445px\" alt=\"\" loading=\"lazy\" \t\tclass=\"so-widget-image\"\/>\n\t<\/div>\n\n<\/div><\/div><div id=\"panel-2104-1-0-2\" class=\"so-panel widget widget_sow-editor panel-last-child\" data-index=\"3\" ><div class=\"so-widget-sow-editor so-widget-sow-editor-base\">\n<div class=\"siteorigin-widget-tinymce textwidget\">\n\t<p>Hemos seleccionado candidatos para los siguientes puestos: Country Manager Poland, Managing Director (Polonia), Country Sales Manager (Polonia), Business Development Manager (Polonia), Branch Office Director (Polonia), Key Account Manager (Polonia), Sales Representative (Polonia), Sales Engineer.<\/p>\n<\/div>\n<\/div><\/div><\/div><\/div><div id=\"pg-2104-2\"  class=\"panel-grid panel-no-style\" ><div id=\"pgc-2104-2-0\"  class=\"panel-grid-cell\" ><div id=\"panel-2104-2-0-0\" class=\"so-panel widget widget_sow-image panel-first-child panel-last-child\" data-index=\"4\" ><div class=\"so-widget-sow-image so-widget-sow-image-default-d6014b76747a-2104\">\n\n<div class=\"sow-image-container\">\n\t\t<img decoding=\"async\" src=\"https:\/\/businessconsulting.com.pl\/wp-content\/uploads\/2022\/02\/young-man-explaining-business-plan-to-colleagues-2021-08-26-19-58-09-utc.jpg\" width=\"720\" height=\"480\" srcset=\"https:\/\/businessconsulting.com.pl\/wp-content\/uploads\/2022\/02\/young-man-explaining-business-plan-to-colleagues-2021-08-26-19-58-09-utc.jpg 720w, https:\/\/businessconsulting.com.pl\/wp-content\/uploads\/2022\/02\/young-man-explaining-business-plan-to-colleagues-2021-08-26-19-58-09-utc-300x200.jpg 300w, https:\/\/businessconsulting.com.pl\/wp-content\/uploads\/2022\/02\/young-man-explaining-business-plan-to-colleagues-2021-08-26-19-58-09-utc-272x182.jpg 272w\" sizes=\"auto, (max-width: 720px) 100vw, 720px\" alt=\"\" loading=\"lazy\" \t\tclass=\"so-widget-image\"\/>\n\t<\/div>\n\n<\/div><\/div><\/div><div id=\"pgc-2104-2-1\"  class=\"panel-grid-cell\" ><div id=\"panel-2104-2-1-0\" class=\"so-panel widget widget_sow-editor panel-first-child panel-last-child\" data-index=\"5\" ><div class=\"so-widget-sow-editor so-widget-sow-editor-base\">\n<div class=\"siteorigin-widget-tinymce textwidget\">\n\t<p><strong>Asesoramiento personal, legal, de estrategia<\/strong><\/p>\n<p>Ofrecemos servicio complejo de asesoramiento personal, as\u00ed como:<\/p>\n<ul>\n<li><strong>registro de la empresa en Polonia<\/strong>\u00a0(en colaboraci\u00f3n con nuestro Socio: bufete de abogados)<\/li>\n<li><strong>en finanzas y contabilidad<\/strong>\u00a0(en colaboraci\u00f3n con nuestro Socio: oficina de contabilidad)<\/li>\n<li><strong>alquiler de oficina<\/strong>, elecci\u00f3n de la localizaci\u00f3n, compra de suelo (en colaboraci\u00f3n con nuestro Socio: agencias inmobiliarias)<\/li>\n<li><strong>estrategia y plan de negocio<\/strong>\u00a0(en colaboraci\u00f3n con nuestro Socio).<\/li>\n<\/ul>\n<\/div>\n<\/div><\/div><\/div><\/div><\/div>","protected":false},"excerpt":{"rendered":"<p>Entrada en el mercado Polaco Market Entry es un servicio complejo que ofrecemos a las empresas extranjeras que quieran expandir su negocio en el mercado polaco. Se basa en la b\u00fasqueda y selecci\u00f3n de los principales gerentes y puede ser extendida por la consultor\u00eda legal, contable y de hacienda, realizada por empresas que recomendamos. Selecci\u00f3n &hellip;<\/p>\n","protected":false},"author":1,"featured_media":0,"parent":0,"menu_order":0,"comment_status":"closed","ping_status":"closed","template":"","meta":{"footnotes":""},"class_list":{"0":"post-2104","1":"page","2":"type-page","3":"status-publish","5":"clearfix","6":"article"},"acf":[],"yoast_head":"<!-- This site is optimized with the Yoast SEO plugin v18.4.1 - https:\/\/yoast.com\/wordpress\/plugins\/seo\/ -->\n<title>Market entry - Business Consulting (search &amp; selection)<\/title>\n<meta name=\"robots\" content=\"index, follow, max-snippet:-1, max-image-preview:large, max-video-preview:-1\" \/>\n<link rel=\"canonical\" href=\"https:\/\/businessconsulting.com.pl\/es\/market-entry\/\" \/>\n<meta property=\"og:locale\" content=\"es_ES\" \/>\n<meta property=\"og:type\" content=\"article\" \/>\n<meta property=\"og:title\" content=\"Market entry - Business Consulting (search &amp; selection)\" \/>\n<meta property=\"og:description\" content=\"Entrada en el mercado Polaco Market Entry es un servicio complejo que ofrecemos a las empresas extranjeras que quieran expandir su negocio en el mercado polaco. Se basa en la b\u00fasqueda y selecci\u00f3n de los principales gerentes y puede ser extendida por la consultor\u00eda legal, contable y de hacienda, realizada por empresas que recomendamos. Selecci\u00f3n &hellip;\" \/>\n<meta property=\"og:url\" content=\"https:\/\/businessconsulting.com.pl\/es\/market-entry\/\" \/>\n<meta property=\"og:site_name\" content=\"Business Consulting (search &amp; selection)\" \/>\n<meta property=\"article:modified_time\" content=\"2022-03-08T20:52:42+00:00\" \/>\n<meta property=\"og:image\" content=\"https:\/\/businessconsulting.com.pl\/wp-content\/uploads\/2022\/01\/logo-95.png\" \/>\n\t<meta property=\"og:image:width\" content=\"179\" \/>\n\t<meta property=\"og:image:height\" content=\"95\" \/>\n\t<meta property=\"og:image:type\" content=\"image\/png\" \/>\n<meta name=\"twitter:card\" content=\"summary_large_image\" \/>\n<meta name=\"twitter:label1\" content=\"Tiempo de lectura\" \/>\n\t<meta name=\"twitter:data1\" content=\"1 minuto\" \/>\n<script type=\"application\/ld+json\" class=\"yoast-schema-graph\">{\"@context\":\"https:\/\/schema.org\",\"@graph\":[{\"@type\":\"WebSite\",\"@id\":\"https:\/\/iwona.v-1.pl\/#website\",\"url\":\"https:\/\/iwona.v-1.pl\/\",\"name\":\"Business Consulting (search &amp; selection)\",\"description\":\"\",\"potentialAction\":[{\"@type\":\"SearchAction\",\"target\":{\"@type\":\"EntryPoint\",\"urlTemplate\":\"https:\/\/iwona.v-1.pl\/?s={search_term_string}\"},\"query-input\":\"required name=search_term_string\"}],\"inLanguage\":\"es\"},{\"@type\":\"WebPage\",\"@id\":\"https:\/\/businessconsulting.com.pl\/es\/market-entry\/#webpage\",\"url\":\"https:\/\/businessconsulting.com.pl\/es\/market-entry\/\",\"name\":\"Market entry - Business Consulting (search &amp; selection)\",\"isPartOf\":{\"@id\":\"https:\/\/iwona.v-1.pl\/#website\"},\"datePublished\":\"2022-01-27T22:43:06+00:00\",\"dateModified\":\"2022-03-08T20:52:42+00:00\",\"breadcrumb\":{\"@id\":\"https:\/\/businessconsulting.com.pl\/es\/market-entry\/#breadcrumb\"},\"inLanguage\":\"es\",\"potentialAction\":[{\"@type\":\"ReadAction\",\"target\":[\"https:\/\/businessconsulting.com.pl\/es\/market-entry\/\"]}]},{\"@type\":\"BreadcrumbList\",\"@id\":\"https:\/\/businessconsulting.com.pl\/es\/market-entry\/#breadcrumb\",\"itemListElement\":[{\"@type\":\"ListItem\",\"position\":1,\"name\":\"Strona g\u0142\u00f3wna\",\"item\":\"https:\/\/businessconsulting.com.pl\/es\/\"},{\"@type\":\"ListItem\",\"position\":2,\"name\":\"Market entry\"}]}]}<\/script>\n<!-- \/ Yoast SEO plugin. -->","yoast_head_json":{"title":"Market entry - Business Consulting (search &amp; selection)","robots":{"index":"index","follow":"follow","max-snippet":"max-snippet:-1","max-image-preview":"max-image-preview:large","max-video-preview":"max-video-preview:-1"},"canonical":"https:\/\/businessconsulting.com.pl\/es\/market-entry\/","og_locale":"es_ES","og_type":"article","og_title":"Market entry - Business Consulting (search &amp; selection)","og_description":"Entrada en el mercado Polaco Market Entry es un servicio complejo que ofrecemos a las empresas extranjeras que quieran expandir su negocio en el mercado polaco. Se basa en la b\u00fasqueda y selecci\u00f3n de los principales gerentes y puede ser extendida por la consultor\u00eda legal, contable y de hacienda, realizada por empresas que recomendamos. Selecci\u00f3n &hellip;","og_url":"https:\/\/businessconsulting.com.pl\/es\/market-entry\/","og_site_name":"Business Consulting (search &amp; selection)","article_modified_time":"2022-03-08T20:52:42+00:00","og_image":[{"width":179,"height":95,"url":"https:\/\/businessconsulting.com.pl\/wp-content\/uploads\/2022\/01\/logo-95.png","type":"image\/png"}],"twitter_card":"summary_large_image","twitter_misc":{"Tiempo de lectura":"1 minuto"},"schema":{"@context":"https:\/\/schema.org","@graph":[{"@type":"WebSite","@id":"https:\/\/iwona.v-1.pl\/#website","url":"https:\/\/iwona.v-1.pl\/","name":"Business Consulting (search &amp; selection)","description":"","potentialAction":[{"@type":"SearchAction","target":{"@type":"EntryPoint","urlTemplate":"https:\/\/iwona.v-1.pl\/?s={search_term_string}"},"query-input":"required name=search_term_string"}],"inLanguage":"es"},{"@type":"WebPage","@id":"https:\/\/businessconsulting.com.pl\/es\/market-entry\/#webpage","url":"https:\/\/businessconsulting.com.pl\/es\/market-entry\/","name":"Market entry - Business Consulting (search &amp; selection)","isPartOf":{"@id":"https:\/\/iwona.v-1.pl\/#website"},"datePublished":"2022-01-27T22:43:06+00:00","dateModified":"2022-03-08T20:52:42+00:00","breadcrumb":{"@id":"https:\/\/businessconsulting.com.pl\/es\/market-entry\/#breadcrumb"},"inLanguage":"es","potentialAction":[{"@type":"ReadAction","target":["https:\/\/businessconsulting.com.pl\/es\/market-entry\/"]}]},{"@type":"BreadcrumbList","@id":"https:\/\/businessconsulting.com.pl\/es\/market-entry\/#breadcrumb","itemListElement":[{"@type":"ListItem","position":1,"name":"Strona g\u0142\u00f3wna","item":"https:\/\/businessconsulting.com.pl\/es\/"},{"@type":"ListItem","position":2,"name":"Market entry"}]}]}},"_links":{"self":[{"href":"https:\/\/businessconsulting.com.pl\/es\/wp-json\/wp\/v2\/pages\/2104","targetHints":{"allow":["GET"]}}],"collection":[{"href":"https:\/\/businessconsulting.com.pl\/es\/wp-json\/wp\/v2\/pages"}],"about":[{"href":"https:\/\/businessconsulting.com.pl\/es\/wp-json\/wp\/v2\/types\/page"}],"author":[{"embeddable":true,"href":"https:\/\/businessconsulting.com.pl\/es\/wp-json\/wp\/v2\/users\/1"}],"replies":[{"embeddable":true,"href":"https:\/\/businessconsulting.com.pl\/es\/wp-json\/wp\/v2\/comments?post=2104"}],"version-history":[{"count":3,"href":"https:\/\/businessconsulting.com.pl\/es\/wp-json\/wp\/v2\/pages\/2104\/revisions"}],"predecessor-version":[{"id":2107,"href":"https:\/\/businessconsulting.com.pl\/es\/wp-json\/wp\/v2\/pages\/2104\/revisions\/2107"}],"wp:attachment":[{"href":"https:\/\/businessconsulting.com.pl\/es\/wp-json\/wp\/v2\/media?parent=2104"}],"curies":[{"name":"wp","href":"https:\/\/api.w.org\/{rel}","templated":true}]}}