{"id":2097,"date":"2022-01-27T22:42:29","date_gmt":"2022-01-27T22:42:29","guid":{"rendered":"https:\/\/businessconsulting.com.pl\/uslugi-hr\/"},"modified":"2022-03-11T10:17:43","modified_gmt":"2022-03-11T10:17:43","slug":"servicios-rr-hh","status":"publish","type":"page","link":"https:\/\/businessconsulting.com.pl\/es\/servicios-rr-hh\/","title":{"rendered":"Servicios RR.HH."},"content":{"rendered":"<div id=\"pl-2097\"  class=\"panel-layout\" ><div id=\"pg-2097-0\"  class=\"panel-grid panel-has-style\" ><div class=\"siteorigin-panels-stretch panel-row-style panel-row-style-for-2097-0\" data-stretch-type=\"full\" ><div id=\"pgc-2097-0-0\"  class=\"panel-grid-cell panel-grid-cell-empty\" ><\/div><div id=\"pgc-2097-0-1\"  class=\"panel-grid-cell panel-grid-cell-mobile-last\" ><div id=\"panel-2097-0-1-0\" class=\"so-panel widget widget_sow-editor panel-first-child panel-last-child\" data-index=\"0\" ><div class=\"panel-widget-style panel-widget-style-for-2097-0-1-0\" ><div class=\"so-widget-sow-editor so-widget-sow-editor-base\">\n<div class=\"siteorigin-widget-tinymce textwidget\">\n\t<h2 style=\"text-transform: uppercase;\">Una b\u00fasqueda <span style=\"color: #abbd26;\">e Candidatos efectiva<\/span><\/h2>\n<p>Ofrecemos servicio de consultor\u00eda en b\u00fasqueda y selecci\u00f3n de altos cargos, as\u00ed como de profesionales de alto grado de especializaci\u00f3n para empresas polacas e internacionales. Llegamos a los candidatos a trav\u00e9s de m\u00e9todos de b\u00fasqueda directa y m\u00e9todos tradicionales:<\/p>\n<\/div>\n<\/div><\/div><\/div><\/div><div id=\"pgc-2097-0-2\"  class=\"panel-grid-cell panel-grid-cell-empty\" ><\/div><\/div><\/div><div id=\"pg-2097-1\"  class=\"panel-grid panel-no-style\" ><div id=\"pgc-2097-1-0\"  class=\"panel-grid-cell\" ><div id=\"panel-2097-1-0-0\" class=\"so-panel widget widget_sow-editor panel-first-child panel-last-child\" data-index=\"1\" ><div class=\"so-widget-sow-editor so-widget-sow-editor-base\">\n<div class=\"siteorigin-widget-tinymce textwidget\">\n\t<ul>\n<li><strong>Executive Search\/Head Hunting<\/strong> \u2013 \u00a0de forma directa, enfocada y eficaz llegamos tanto a los directivos y gerentes, como al personal de alto grado de especializaci\u00f3n, adem\u00e1s de a los candidatos poco visibles en el mercado. Gracias a nuestra red de contactos en diversos sectores de mercado alcanzamos los objetivos de forma profesional y discreta.<\/li>\n<li><strong>Anuncios<\/strong> \u2013 gracias a que colaboramos s\u00f3lo con seleccionados portales de empleo, redes sociales, foros de Internet y oficinas de desarrollo profesional, nuestros anuncios llegan al p\u00fablico seleccionado.<\/li>\n<li><strong>Base de datos<\/strong> \u2013 seguimos ampliando, actualizando y haciendo uso de nuestra propia base de datos, una fuente fiable de perfiles profesionales.<\/li>\n<li><strong>Board &amp; General Management Consulting, Executive Search, Executive Coaching, Onboarding<\/strong> \u2013 en cooperaci\u00f3n con nuestros Socios internacionales, miembros de Cornerstone Int. Group, servimos apoyo de consultor\u00eda en RR.HH. a las empresas polacas en mercados extranjeros.<\/li>\n<\/ul>\n<\/div>\n<\/div><\/div><\/div><\/div><\/div>","protected":false},"excerpt":{"rendered":"<p>Una b\u00fasqueda e Candidatos efectiva Ofrecemos servicio de consultor\u00eda en b\u00fasqueda y selecci\u00f3n de altos cargos, as\u00ed como de profesionales de alto grado de especializaci\u00f3n para empresas polacas e internacionales. Llegamos a los candidatos a trav\u00e9s de m\u00e9todos de b\u00fasqueda directa y m\u00e9todos tradicionales: Executive Search\/Head Hunting \u2013 \u00a0de forma directa, enfocada y eficaz llegamos &hellip;<\/p>\n","protected":false},"author":1,"featured_media":0,"parent":0,"menu_order":0,"comment_status":"closed","ping_status":"closed","template":"","meta":{"footnotes":""},"class_list":{"0":"post-2097","1":"page","2":"type-page","3":"status-publish","5":"clearfix","6":"article"},"acf":[],"yoast_head":"<!-- This site is optimized with the Yoast SEO plugin v18.4.1 - https:\/\/yoast.com\/wordpress\/plugins\/seo\/ -->\n<title>Servicios RR.HH. - Business Consulting (search &amp; selection)<\/title>\n<meta name=\"robots\" content=\"index, follow, max-snippet:-1, max-image-preview:large, max-video-preview:-1\" \/>\n<link rel=\"canonical\" href=\"https:\/\/businessconsulting.com.pl\/es\/servicios-rr-hh\/\" \/>\n<meta property=\"og:locale\" content=\"es_ES\" \/>\n<meta property=\"og:type\" content=\"article\" \/>\n<meta property=\"og:title\" content=\"Servicios RR.HH. - Business Consulting (search &amp; selection)\" \/>\n<meta property=\"og:description\" content=\"Una b\u00fasqueda e Candidatos efectiva Ofrecemos servicio de consultor\u00eda en b\u00fasqueda y selecci\u00f3n de altos cargos, as\u00ed como de profesionales de alto grado de especializaci\u00f3n para empresas polacas e internacionales. Llegamos a los candidatos a trav\u00e9s de m\u00e9todos de b\u00fasqueda directa y m\u00e9todos tradicionales: Executive Search\/Head Hunting \u2013 \u00a0de forma directa, enfocada y eficaz llegamos &hellip;\" \/>\n<meta property=\"og:url\" content=\"https:\/\/businessconsulting.com.pl\/es\/servicios-rr-hh\/\" \/>\n<meta property=\"og:site_name\" content=\"Business Consulting (search &amp; selection)\" \/>\n<meta property=\"article:modified_time\" content=\"2022-03-11T10:17:43+00:00\" \/>\n<meta property=\"og:image\" content=\"https:\/\/businessconsulting.com.pl\/wp-content\/uploads\/2022\/01\/logo-95.png\" \/>\n\t<meta property=\"og:image:width\" content=\"179\" \/>\n\t<meta property=\"og:image:height\" content=\"95\" \/>\n\t<meta property=\"og:image:type\" content=\"image\/png\" \/>\n<meta name=\"twitter:card\" content=\"summary_large_image\" \/>\n<meta name=\"twitter:label1\" content=\"Tiempo de lectura\" \/>\n\t<meta name=\"twitter:data1\" content=\"1 minuto\" \/>\n<script type=\"application\/ld+json\" class=\"yoast-schema-graph\">{\"@context\":\"https:\/\/schema.org\",\"@graph\":[{\"@type\":\"WebSite\",\"@id\":\"https:\/\/iwona.v-1.pl\/#website\",\"url\":\"https:\/\/iwona.v-1.pl\/\",\"name\":\"Business Consulting (search &amp; selection)\",\"description\":\"\",\"potentialAction\":[{\"@type\":\"SearchAction\",\"target\":{\"@type\":\"EntryPoint\",\"urlTemplate\":\"https:\/\/iwona.v-1.pl\/?s={search_term_string}\"},\"query-input\":\"required name=search_term_string\"}],\"inLanguage\":\"es\"},{\"@type\":\"WebPage\",\"@id\":\"https:\/\/businessconsulting.com.pl\/es\/servicios-rr-hh\/#webpage\",\"url\":\"https:\/\/businessconsulting.com.pl\/es\/servicios-rr-hh\/\",\"name\":\"Servicios RR.HH. - Business Consulting (search &amp; selection)\",\"isPartOf\":{\"@id\":\"https:\/\/iwona.v-1.pl\/#website\"},\"datePublished\":\"2022-01-27T22:42:29+00:00\",\"dateModified\":\"2022-03-11T10:17:43+00:00\",\"breadcrumb\":{\"@id\":\"https:\/\/businessconsulting.com.pl\/es\/servicios-rr-hh\/#breadcrumb\"},\"inLanguage\":\"es\",\"potentialAction\":[{\"@type\":\"ReadAction\",\"target\":[\"https:\/\/businessconsulting.com.pl\/es\/servicios-rr-hh\/\"]}]},{\"@type\":\"BreadcrumbList\",\"@id\":\"https:\/\/businessconsulting.com.pl\/es\/servicios-rr-hh\/#breadcrumb\",\"itemListElement\":[{\"@type\":\"ListItem\",\"position\":1,\"name\":\"Strona g\u0142\u00f3wna\",\"item\":\"https:\/\/businessconsulting.com.pl\/es\/\"},{\"@type\":\"ListItem\",\"position\":2,\"name\":\"Servicios RR.HH.\"}]}]}<\/script>\n<!-- \/ Yoast SEO plugin. -->","yoast_head_json":{"title":"Servicios RR.HH. - Business Consulting (search &amp; selection)","robots":{"index":"index","follow":"follow","max-snippet":"max-snippet:-1","max-image-preview":"max-image-preview:large","max-video-preview":"max-video-preview:-1"},"canonical":"https:\/\/businessconsulting.com.pl\/es\/servicios-rr-hh\/","og_locale":"es_ES","og_type":"article","og_title":"Servicios RR.HH. - Business Consulting (search &amp; selection)","og_description":"Una b\u00fasqueda e Candidatos efectiva Ofrecemos servicio de consultor\u00eda en b\u00fasqueda y selecci\u00f3n de altos cargos, as\u00ed como de profesionales de alto grado de especializaci\u00f3n para empresas polacas e internacionales. Llegamos a los candidatos a trav\u00e9s de m\u00e9todos de b\u00fasqueda directa y m\u00e9todos tradicionales: Executive Search\/Head Hunting \u2013 \u00a0de forma directa, enfocada y eficaz llegamos &hellip;","og_url":"https:\/\/businessconsulting.com.pl\/es\/servicios-rr-hh\/","og_site_name":"Business Consulting (search &amp; selection)","article_modified_time":"2022-03-11T10:17:43+00:00","og_image":[{"width":179,"height":95,"url":"https:\/\/businessconsulting.com.pl\/wp-content\/uploads\/2022\/01\/logo-95.png","type":"image\/png"}],"twitter_card":"summary_large_image","twitter_misc":{"Tiempo de lectura":"1 minuto"},"schema":{"@context":"https:\/\/schema.org","@graph":[{"@type":"WebSite","@id":"https:\/\/iwona.v-1.pl\/#website","url":"https:\/\/iwona.v-1.pl\/","name":"Business Consulting (search &amp; selection)","description":"","potentialAction":[{"@type":"SearchAction","target":{"@type":"EntryPoint","urlTemplate":"https:\/\/iwona.v-1.pl\/?s={search_term_string}"},"query-input":"required name=search_term_string"}],"inLanguage":"es"},{"@type":"WebPage","@id":"https:\/\/businessconsulting.com.pl\/es\/servicios-rr-hh\/#webpage","url":"https:\/\/businessconsulting.com.pl\/es\/servicios-rr-hh\/","name":"Servicios RR.HH. - Business Consulting (search &amp; selection)","isPartOf":{"@id":"https:\/\/iwona.v-1.pl\/#website"},"datePublished":"2022-01-27T22:42:29+00:00","dateModified":"2022-03-11T10:17:43+00:00","breadcrumb":{"@id":"https:\/\/businessconsulting.com.pl\/es\/servicios-rr-hh\/#breadcrumb"},"inLanguage":"es","potentialAction":[{"@type":"ReadAction","target":["https:\/\/businessconsulting.com.pl\/es\/servicios-rr-hh\/"]}]},{"@type":"BreadcrumbList","@id":"https:\/\/businessconsulting.com.pl\/es\/servicios-rr-hh\/#breadcrumb","itemListElement":[{"@type":"ListItem","position":1,"name":"Strona g\u0142\u00f3wna","item":"https:\/\/businessconsulting.com.pl\/es\/"},{"@type":"ListItem","position":2,"name":"Servicios RR.HH."}]}]}},"_links":{"self":[{"href":"https:\/\/businessconsulting.com.pl\/es\/wp-json\/wp\/v2\/pages\/2097","targetHints":{"allow":["GET"]}}],"collection":[{"href":"https:\/\/businessconsulting.com.pl\/es\/wp-json\/wp\/v2\/pages"}],"about":[{"href":"https:\/\/businessconsulting.com.pl\/es\/wp-json\/wp\/v2\/types\/page"}],"author":[{"embeddable":true,"href":"https:\/\/businessconsulting.com.pl\/es\/wp-json\/wp\/v2\/users\/1"}],"replies":[{"embeddable":true,"href":"https:\/\/businessconsulting.com.pl\/es\/wp-json\/wp\/v2\/comments?post=2097"}],"version-history":[{"count":8,"href":"https:\/\/businessconsulting.com.pl\/es\/wp-json\/wp\/v2\/pages\/2097\/revisions"}],"predecessor-version":[{"id":2376,"href":"https:\/\/businessconsulting.com.pl\/es\/wp-json\/wp\/v2\/pages\/2097\/revisions\/2376"}],"wp:attachment":[{"href":"https:\/\/businessconsulting.com.pl\/es\/wp-json\/wp\/v2\/media?parent=2097"}],"curies":[{"name":"wp","href":"https:\/\/api.w.org\/{rel}","templated":true}]}}