{"id":2092,"date":"2022-02-17T13:52:00","date_gmt":"2022-02-17T13:52:00","guid":{"rendered":"https:\/\/businessconsulting.com.pl\/zespol-2\/"},"modified":"2022-03-08T20:41:56","modified_gmt":"2022-03-08T20:41:56","slug":"nuestro-equipo","status":"publish","type":"page","link":"https:\/\/businessconsulting.com.pl\/es\/nuestro-equipo\/","title":{"rendered":"Nuestro equipo"},"content":{"rendered":"<div id=\"pl-2092\"  class=\"panel-layout\" ><div id=\"pg-2092-0\"  class=\"panel-grid panel-has-style\" ><div class=\"siteorigin-panels-stretch panel-row-style panel-row-style-for-2092-0\" data-stretch-type=\"full\" ><div id=\"pgc-2092-0-0\"  class=\"panel-grid-cell panel-grid-cell-empty\" ><\/div><div id=\"pgc-2092-0-1\"  class=\"panel-grid-cell panel-grid-cell-mobile-last\" ><div id=\"panel-2092-0-1-0\" class=\"so-panel widget widget_sow-editor panel-first-child panel-last-child\" data-index=\"0\" ><div class=\"panel-widget-style panel-widget-style-for-2092-0-1-0\" ><div class=\"so-widget-sow-editor so-widget-sow-editor-base\">\n<div class=\"siteorigin-widget-tinymce textwidget\">\n\t<h2 style=\"text-transform: uppercase;\">Empleo <span style=\"color: #abbd26;\">estable<\/span><\/h2>\n<p>Las soluciones que ofrecemos a nuestros Clientes se basan no s\u00f3lo en nuestra experiencia como consultores en RR.HH., sino tambi\u00e9n como empleados y empleadores. Sabemos qu\u00e9 importancia para el \u00e9xito de una empresa tiene un equipo en sinton\u00eda y un empleo estable, lo observamos cada d\u00eda.<\/p>\n<\/div>\n<\/div><\/div><\/div><\/div><div id=\"pgc-2092-0-2\"  class=\"panel-grid-cell panel-grid-cell-empty\" ><\/div><\/div><\/div><div id=\"pg-2092-1\"  class=\"panel-grid panel-no-style\" ><div id=\"pgc-2092-1-0\"  class=\"panel-grid-cell\" ><div id=\"panel-2092-1-0-0\" class=\"so-panel widget widget_sow-editor panel-first-child panel-last-child\" data-index=\"1\" ><div class=\"so-widget-sow-editor so-widget-sow-editor-base\">\n<div class=\"siteorigin-widget-tinymce textwidget\">\n\t<h2 style=\"text-transform: uppercase;\">Experiencia <span style=\"color: #abbd26;\">y desarrollo continuo<\/span><\/h2>\n<p>Nuestras consultoras tienen 15 a\u00f1os de experiencia en Recursos Humanos y han participado en el proceso de fortalecimiento de este campo en el mercado polaco. Han trabajado con Clientes de diversos sectores de negocios, tanto de empresas polacas, como de las internacionales, frecuentemente haciendo el uso de su fluidez en ingl\u00e9s, espa\u00f1ol, franc\u00e9s e italiano.<\/p>\n<\/div>\n<\/div><\/div><\/div><\/div><div id=\"pg-2092-2\"  class=\"panel-grid panel-no-style\" ><div id=\"pgc-2092-2-0\"  class=\"panel-grid-cell\" ><div id=\"panel-2092-2-0-0\" class=\"so-panel widget widget_sow-editor panel-first-child panel-last-child\" data-index=\"2\" ><div class=\"so-widget-sow-editor so-widget-sow-editor-base\">\n<div class=\"siteorigin-widget-tinymce textwidget\">\n\t<h2 style=\"text-transform: uppercase;\">Trabajo <span style=\"color: #abbd26;\">en equipo<\/span><\/h2>\n<p>Creemos en el trabajo en equipo. Nuestros proyectos siempre involucran m\u00e1s de una persona: no s\u00f3lo a Senior Consultant y researcher, sino tambi\u00e9n a la fundadora de la empresa, quien junto a la Senior Consultant responsable del proyecto mantiene el contacto continuo y personalizado con el Cliente.<\/p>\n<\/div>\n<\/div><\/div><\/div><div id=\"pgc-2092-2-1\"  class=\"panel-grid-cell\" ><div id=\"panel-2092-2-1-0\" class=\"so-panel widget widget_sow-image panel-first-child panel-last-child\" data-index=\"3\" ><div class=\"so-widget-sow-image so-widget-sow-image-default-d6014b76747a-2092\">\n\n<div class=\"sow-image-container\">\n\t\t<img decoding=\"async\" src=\"https:\/\/businessconsulting.com.pl\/wp-content\/uploads\/2022\/02\/team-stacking-hands-2021-09-02-06-06-24-utc.jpg\" width=\"720\" height=\"480\" srcset=\"https:\/\/businessconsulting.com.pl\/wp-content\/uploads\/2022\/02\/team-stacking-hands-2021-09-02-06-06-24-utc.jpg 720w, https:\/\/businessconsulting.com.pl\/wp-content\/uploads\/2022\/02\/team-stacking-hands-2021-09-02-06-06-24-utc-300x200.jpg 300w, https:\/\/businessconsulting.com.pl\/wp-content\/uploads\/2022\/02\/team-stacking-hands-2021-09-02-06-06-24-utc-272x182.jpg 272w\" sizes=\"auto, (max-width: 720px) 100vw, 720px\" alt=\"\" loading=\"lazy\" \t\tclass=\"so-widget-image\"\/>\n\t<\/div>\n\n<\/div><\/div><\/div><\/div><\/div>","protected":false},"excerpt":{"rendered":"<p>Empleo estable Las soluciones que ofrecemos a nuestros Clientes se basan no s\u00f3lo en nuestra experiencia como consultores en RR.HH., sino tambi\u00e9n como empleados y empleadores. Sabemos qu\u00e9 importancia para el \u00e9xito de una empresa tiene un equipo en sinton\u00eda y un empleo estable, lo observamos cada d\u00eda. Experiencia y desarrollo continuo Nuestras consultoras tienen &hellip;<\/p>\n","protected":false},"author":2,"featured_media":0,"parent":0,"menu_order":0,"comment_status":"closed","ping_status":"closed","template":"","meta":{"footnotes":""},"class_list":{"0":"post-2092","1":"page","2":"type-page","3":"status-publish","5":"clearfix","6":"article"},"acf":[],"yoast_head":"<!-- This site is optimized with the Yoast SEO plugin v18.4.1 - https:\/\/yoast.com\/wordpress\/plugins\/seo\/ -->\n<title>Nuestro equipo - Business Consulting (search &amp; selection)<\/title>\n<meta name=\"robots\" content=\"index, follow, max-snippet:-1, max-image-preview:large, max-video-preview:-1\" \/>\n<link rel=\"canonical\" href=\"https:\/\/businessconsulting.com.pl\/es\/nuestro-equipo\/\" \/>\n<meta property=\"og:locale\" content=\"es_ES\" \/>\n<meta property=\"og:type\" content=\"article\" \/>\n<meta property=\"og:title\" content=\"Nuestro equipo - Business Consulting (search &amp; selection)\" \/>\n<meta property=\"og:description\" content=\"Empleo estable Las soluciones que ofrecemos a nuestros Clientes se basan no s\u00f3lo en nuestra experiencia como consultores en RR.HH., sino tambi\u00e9n como empleados y empleadores. Sabemos qu\u00e9 importancia para el \u00e9xito de una empresa tiene un equipo en sinton\u00eda y un empleo estable, lo observamos cada d\u00eda. Experiencia y desarrollo continuo Nuestras consultoras tienen &hellip;\" \/>\n<meta property=\"og:url\" content=\"https:\/\/businessconsulting.com.pl\/es\/nuestro-equipo\/\" \/>\n<meta property=\"og:site_name\" content=\"Business Consulting (search &amp; selection)\" \/>\n<meta property=\"article:modified_time\" content=\"2022-03-08T20:41:56+00:00\" \/>\n<meta property=\"og:image\" content=\"https:\/\/businessconsulting.com.pl\/wp-content\/uploads\/2022\/01\/logo-95.png\" \/>\n\t<meta property=\"og:image:width\" content=\"179\" \/>\n\t<meta property=\"og:image:height\" content=\"95\" \/>\n\t<meta property=\"og:image:type\" content=\"image\/png\" \/>\n<meta name=\"twitter:card\" content=\"summary_large_image\" \/>\n<meta name=\"twitter:label1\" content=\"Tiempo de lectura\" \/>\n\t<meta name=\"twitter:data1\" content=\"1 minuto\" \/>\n<script type=\"application\/ld+json\" class=\"yoast-schema-graph\">{\"@context\":\"https:\/\/schema.org\",\"@graph\":[{\"@type\":\"WebSite\",\"@id\":\"https:\/\/iwona.v-1.pl\/#website\",\"url\":\"https:\/\/iwona.v-1.pl\/\",\"name\":\"Business Consulting (search &amp; selection)\",\"description\":\"\",\"potentialAction\":[{\"@type\":\"SearchAction\",\"target\":{\"@type\":\"EntryPoint\",\"urlTemplate\":\"https:\/\/iwona.v-1.pl\/?s={search_term_string}\"},\"query-input\":\"required name=search_term_string\"}],\"inLanguage\":\"es\"},{\"@type\":\"WebPage\",\"@id\":\"https:\/\/businessconsulting.com.pl\/es\/nuestro-equipo\/#webpage\",\"url\":\"https:\/\/businessconsulting.com.pl\/es\/nuestro-equipo\/\",\"name\":\"Nuestro equipo - Business Consulting (search &amp; selection)\",\"isPartOf\":{\"@id\":\"https:\/\/iwona.v-1.pl\/#website\"},\"datePublished\":\"2022-02-17T13:52:00+00:00\",\"dateModified\":\"2022-03-08T20:41:56+00:00\",\"breadcrumb\":{\"@id\":\"https:\/\/businessconsulting.com.pl\/es\/nuestro-equipo\/#breadcrumb\"},\"inLanguage\":\"es\",\"potentialAction\":[{\"@type\":\"ReadAction\",\"target\":[\"https:\/\/businessconsulting.com.pl\/es\/nuestro-equipo\/\"]}]},{\"@type\":\"BreadcrumbList\",\"@id\":\"https:\/\/businessconsulting.com.pl\/es\/nuestro-equipo\/#breadcrumb\",\"itemListElement\":[{\"@type\":\"ListItem\",\"position\":1,\"name\":\"Strona g\u0142\u00f3wna\",\"item\":\"https:\/\/businessconsulting.com.pl\/es\/\"},{\"@type\":\"ListItem\",\"position\":2,\"name\":\"Nuestro equipo\"}]}]}<\/script>\n<!-- \/ Yoast SEO plugin. -->","yoast_head_json":{"title":"Nuestro equipo - Business Consulting (search &amp; selection)","robots":{"index":"index","follow":"follow","max-snippet":"max-snippet:-1","max-image-preview":"max-image-preview:large","max-video-preview":"max-video-preview:-1"},"canonical":"https:\/\/businessconsulting.com.pl\/es\/nuestro-equipo\/","og_locale":"es_ES","og_type":"article","og_title":"Nuestro equipo - Business Consulting (search &amp; selection)","og_description":"Empleo estable Las soluciones que ofrecemos a nuestros Clientes se basan no s\u00f3lo en nuestra experiencia como consultores en RR.HH., sino tambi\u00e9n como empleados y empleadores. Sabemos qu\u00e9 importancia para el \u00e9xito de una empresa tiene un equipo en sinton\u00eda y un empleo estable, lo observamos cada d\u00eda. Experiencia y desarrollo continuo Nuestras consultoras tienen &hellip;","og_url":"https:\/\/businessconsulting.com.pl\/es\/nuestro-equipo\/","og_site_name":"Business Consulting (search &amp; selection)","article_modified_time":"2022-03-08T20:41:56+00:00","og_image":[{"width":179,"height":95,"url":"https:\/\/businessconsulting.com.pl\/wp-content\/uploads\/2022\/01\/logo-95.png","type":"image\/png"}],"twitter_card":"summary_large_image","twitter_misc":{"Tiempo de lectura":"1 minuto"},"schema":{"@context":"https:\/\/schema.org","@graph":[{"@type":"WebSite","@id":"https:\/\/iwona.v-1.pl\/#website","url":"https:\/\/iwona.v-1.pl\/","name":"Business Consulting (search &amp; selection)","description":"","potentialAction":[{"@type":"SearchAction","target":{"@type":"EntryPoint","urlTemplate":"https:\/\/iwona.v-1.pl\/?s={search_term_string}"},"query-input":"required name=search_term_string"}],"inLanguage":"es"},{"@type":"WebPage","@id":"https:\/\/businessconsulting.com.pl\/es\/nuestro-equipo\/#webpage","url":"https:\/\/businessconsulting.com.pl\/es\/nuestro-equipo\/","name":"Nuestro equipo - Business Consulting (search &amp; selection)","isPartOf":{"@id":"https:\/\/iwona.v-1.pl\/#website"},"datePublished":"2022-02-17T13:52:00+00:00","dateModified":"2022-03-08T20:41:56+00:00","breadcrumb":{"@id":"https:\/\/businessconsulting.com.pl\/es\/nuestro-equipo\/#breadcrumb"},"inLanguage":"es","potentialAction":[{"@type":"ReadAction","target":["https:\/\/businessconsulting.com.pl\/es\/nuestro-equipo\/"]}]},{"@type":"BreadcrumbList","@id":"https:\/\/businessconsulting.com.pl\/es\/nuestro-equipo\/#breadcrumb","itemListElement":[{"@type":"ListItem","position":1,"name":"Strona g\u0142\u00f3wna","item":"https:\/\/businessconsulting.com.pl\/es\/"},{"@type":"ListItem","position":2,"name":"Nuestro equipo"}]}]}},"_links":{"self":[{"href":"https:\/\/businessconsulting.com.pl\/es\/wp-json\/wp\/v2\/pages\/2092","targetHints":{"allow":["GET"]}}],"collection":[{"href":"https:\/\/businessconsulting.com.pl\/es\/wp-json\/wp\/v2\/pages"}],"about":[{"href":"https:\/\/businessconsulting.com.pl\/es\/wp-json\/wp\/v2\/types\/page"}],"author":[{"embeddable":true,"href":"https:\/\/businessconsulting.com.pl\/es\/wp-json\/wp\/v2\/users\/2"}],"replies":[{"embeddable":true,"href":"https:\/\/businessconsulting.com.pl\/es\/wp-json\/wp\/v2\/comments?post=2092"}],"version-history":[{"count":3,"href":"https:\/\/businessconsulting.com.pl\/es\/wp-json\/wp\/v2\/pages\/2092\/revisions"}],"predecessor-version":[{"id":2095,"href":"https:\/\/businessconsulting.com.pl\/es\/wp-json\/wp\/v2\/pages\/2092\/revisions\/2095"}],"wp:attachment":[{"href":"https:\/\/businessconsulting.com.pl\/es\/wp-json\/wp\/v2\/media?parent=2092"}],"curies":[{"name":"wp","href":"https:\/\/api.w.org\/{rel}","templated":true}]}}