{"id":2080,"date":"2022-02-07T15:25:31","date_gmt":"2022-02-07T15:25:31","guid":{"rendered":"https:\/\/businessconsulting.com.pl\/o-nas\/"},"modified":"2022-03-08T21:27:34","modified_gmt":"2022-03-08T21:27:34","slug":"quienes-somos","status":"publish","type":"page","link":"https:\/\/businessconsulting.com.pl\/es\/quienes-somos\/","title":{"rendered":"Qui\u00e9nes somos"},"content":{"rendered":"<div id=\"pl-2080\"  class=\"panel-layout\" ><div id=\"pg-2080-0\"  class=\"panel-grid panel-has-style\" ><div class=\"siteorigin-panels-stretch panel-row-style panel-row-style-for-2080-0\" data-stretch-type=\"full\" ><div id=\"pgc-2080-0-0\"  class=\"panel-grid-cell panel-grid-cell-empty\" ><\/div><div id=\"pgc-2080-0-1\"  class=\"panel-grid-cell panel-grid-cell-mobile-last\" ><div id=\"panel-2080-0-1-0\" class=\"so-panel widget widget_sow-editor panel-first-child panel-last-child\" data-index=\"0\" ><div class=\"panel-widget-style panel-widget-style-for-2080-0-1-0\" ><div class=\"so-widget-sow-editor so-widget-sow-editor-base\">\n<div class=\"siteorigin-widget-tinymce textwidget\">\n\t<h2 style=\"text-transform: uppercase;\">Consultor\u00eda en RR.HH. <span style=\"color: #abbd26;\">con garant\u00eda de calidad <\/span><\/h2>\n<p>Somos una empresa independiente que desde el <strong>1999<\/strong> presta servicios de consultor\u00eda en Recursos Humanos. Escuchamos y entendemos las necesidades reales de nuestros Clientes y minimizamos el riesgo de la incompatibilidad: buscamos el perfil m\u00e1s adecuado para cada puesto, garantizando cada Candidato seleccionado. El proceso es discreto y llevado al cabo con cuidado del confort los Empleadores y Empleados.<\/p>\n<\/div>\n<\/div><\/div><\/div><\/div><div id=\"pgc-2080-0-2\"  class=\"panel-grid-cell panel-grid-cell-empty\" ><\/div><\/div><\/div><div id=\"pg-2080-1\"  class=\"panel-grid panel-no-style\" ><div id=\"pgc-2080-1-0\"  class=\"panel-grid-cell\" ><div id=\"panel-2080-1-0-0\" class=\"so-panel widget widget_sow-editor panel-first-child panel-last-child\" data-index=\"1\" ><div class=\"so-widget-sow-editor so-widget-sow-editor-base\">\n<div class=\"siteorigin-widget-tinymce textwidget\">\n\t<h3 style=\"text-transform: uppercase;\">Alcanzamos <span style=\"color: #abbd26;\">profesionales destacados<\/span><\/h3>\n<p>Los proyectos complejos son nuestra especialidad. Una amplia red de contactos junto con la confianza que hemos ganado en a\u00f1os entre nuestros Clientes y Candidatos nos permite llegar incluso a los profesionales invisibles en el mercado. Llevamos procesos de b\u00fasqueda y selecci\u00f3n de directivos, mandos intermedios, profesionales de alto grado de especializaci\u00f3n y personal administrativo de diferentes sectores del mercado.<\/p>\n<\/div>\n<\/div><\/div><\/div><\/div><div id=\"pg-2080-2\"  class=\"panel-grid panel-no-style\" ><div id=\"pgc-2080-2-0\"  class=\"panel-grid-cell\" ><div id=\"panel-2080-2-0-0\" class=\"so-panel widget widget_sow-editor panel-first-child panel-last-child\" data-index=\"2\" ><div class=\"so-widget-sow-editor so-widget-sow-editor-base\">\n<div class=\"siteorigin-widget-tinymce textwidget\">\n\t<h3 style=\"text-transform: uppercase;\">Proyectos locales <span style=\"color: #abbd26;\">e internacionales<\/span><\/h3>\n<p>Aunque somos una empresa local, trabajamos con Clientes de muchos pa\u00edses. Como socio exclusivo de Cornerstone International Group, una de las organizaciones m\u00e1s importantes en Recursos Humanos, disponemos de la posibilidad de colaborar con socios en 70 oficinas en 6 continentes.<\/p>\n<\/div>\n<\/div><\/div><\/div><\/div><div id=\"pg-2080-3\"  class=\"panel-grid panel-no-style\" ><div id=\"pgc-2080-3-0\"  class=\"panel-grid-cell\" ><div id=\"panel-2080-3-0-0\" class=\"so-panel widget widget_sow-editor panel-first-child panel-last-child\" data-index=\"3\" ><div class=\"so-widget-sow-editor so-widget-sow-editor-base\">\n<div class=\"siteorigin-widget-tinymce textwidget\">\n\t<h3 style=\"text-transform: uppercase;\">C\u00f3digo <span style=\"color: #abbd26;\">de \u00c9tica de AESCE<\/span><\/h3>\n<p>Como miembro de la Asociaci\u00f3n de Executive Search Consultants (AESC), la organizaci\u00f3n global de empresas de b\u00fasqueda de ejecutivos, utilizamos el C\u00f3digo de \u00c9tica de AESC:<\/p>\n<\/div>\n<\/div><\/div><\/div><\/div><div id=\"pg-2080-4\"  class=\"panel-grid panel-no-style\" ><div id=\"pgc-2080-4-0\"  class=\"panel-grid-cell\" ><div id=\"panel-2080-4-0-0\" class=\"so-panel widget widget_sow-features panel-first-child panel-last-child\" data-index=\"4\" ><div class=\"so-widget-sow-features so-widget-sow-features-default-0384893bf804-2080\">\n<div class=\"sow-features-list sow-features-responsive\">\n\n\t\t\t\n\t\t\t<div class=\"sow-features-feature sow-icon-container-position-top \" style=\"width: 50%\">\n\n\t\t\t\t\t\t\t\t<div\n\t\t\t\t\tclass=\"sow-icon-container sow-container-none\"\n                    style=\"color: #ffffff; \"\n\t\t\t\t\t>\n\t\t\t\t\t<span class=\"sow-icon-fontawesome sow-fas\" data-sow-icon=\"&#xf24e;\"\n\t\tstyle=\"font-size: 24px; color: #abbd26\" ><\/span>\t\t\t\t<\/div>\n\t\t\t\t\n\t\t\t\t<div class=\"textwidget\">\n\t\t\t\t\t\t\t\t\t\t\t<h6>\n\t\t\t\t\t\t\t\n\t\t\t\t\t\t\tIntegridad\t\t\t\t\t\t\t\t\t\t\t\t\t<\/h6>\n\t\t\t\t\t\n\t\t\t\t\t\t\t\t\t\t\t<p>llevar a cabo sus actividades comerciales con integridad y evitar una conducta que es enga\u00f1osa o falsa<\/p>\n\t\t\t\t\t\n\t\t\t\t\t\t\t\t\t<\/div>\n\t\t\t\t\t\t\t<\/div>\n\n\t\t\n\t\t\t<div class=\"sow-features-feature sow-icon-container-position-top \" style=\"width: 50%\">\n\n\t\t\t\t\t\t\t\t<div\n\t\t\t\t\tclass=\"sow-icon-container sow-container-none\"\n                    style=\"color: #ffffff; \"\n\t\t\t\t\t>\n\t\t\t\t\t<span class=\"sow-icon-fontawesome sow-fas\" data-sow-icon=\"&#xf164;\"\n\t\tstyle=\"font-size: 24px; color: #abbd26\" ><\/span>\t\t\t\t<\/div>\n\t\t\t\t\n\t\t\t\t<div class=\"textwidget\">\n\t\t\t\t\t\t\t\t\t\t\t<h6>\n\t\t\t\t\t\t\t\n\t\t\t\t\t\t\tProfesionalismo\t\t\t\t\t\t\t\t\t\t\t\t\t<\/h6>\n\t\t\t\t\t\n\t\t\t\t\t\t\t\t\t\t\t<p>realizar sus actividades de una manera que refleje favorablemente sobre la profesi\u00f3n<\/p>\n\t\t\t\t\t\n\t\t\t\t\t\t\t\t\t<\/div>\n\t\t\t\t\t\t\t<\/div>\n\n\t\t\n\t\t\t<div class=\"sow-features-feature sow-icon-container-position-top \" style=\"width: 50%\">\n\n\t\t\t\t\t\t\t\t<div\n\t\t\t\t\tclass=\"sow-icon-container sow-container-none\"\n                    style=\"color: #ffffff; \"\n\t\t\t\t\t>\n\t\t\t\t\t<span class=\"sow-icon-fontawesome sow-fas\" data-sow-icon=\"&#xf501;\"\n\t\tstyle=\"font-size: 24px; color: #abbd26\" ><\/span>\t\t\t\t<\/div>\n\t\t\t\t\n\t\t\t\t<div class=\"textwidget\">\n\t\t\t\t\t\t\t\t\t\t\t<h6>\n\t\t\t\t\t\t\t\n\t\t\t\t\t\t\tCompetencia\t\t\t\t\t\t\t\t\t\t\t\t\t<\/h6>\n\t\t\t\t\t\n\t\t\t\t\t\t\t\t\t\t\t<p>realizar todas las tareas de b\u00fasqueda competentemente, con un nivel de conocimiento adecuado, con minuciosidad y urgencia<\/p>\n\t\t\t\t\t\n\t\t\t\t\t\t\t\t\t<\/div>\n\t\t\t\t\t\t\t<\/div>\n\n\t\t\n\t\t\t<div class=\"sow-features-feature sow-icon-container-position-top \" style=\"width: 50%\">\n\n\t\t\t\t\t\t\t\t<div\n\t\t\t\t\tclass=\"sow-icon-container sow-container-none\"\n                    style=\"color: #ffffff; \"\n\t\t\t\t\t>\n\t\t\t\t\t<span class=\"sow-icon-fontawesome sow-fas\" data-sow-icon=\"&#xf439;\"\n\t\tstyle=\"font-size: 24px; color: #abbd26\" ><\/span>\t\t\t\t<\/div>\n\t\t\t\t\n\t\t\t\t<div class=\"textwidget\">\n\t\t\t\t\t\t\t\t\t\t\t<h6>\n\t\t\t\t\t\t\t\n\t\t\t\t\t\t\tObjetividad\t\t\t\t\t\t\t\t\t\t\t\t\t<\/h6>\n\t\t\t\t\t\n\t\t\t\t\t\t\t\t\t\t\t<p>ejercer un juicio objetivo e imparcial en cada b\u00fasqueda, teniendo debidamente en cuenta a todos los hechos pertinentes<\/p>\n\t\t\t\t\t\n\t\t\t\t\t\t\t\t\t<\/div>\n\t\t\t\t\t\t\t<\/div>\n\n\t\t\n\t\t\t<div class=\"sow-features-feature sow-icon-container-position-top \" style=\"width: 50%\">\n\n\t\t\t\t\t\t\t\t<div\n\t\t\t\t\tclass=\"sow-icon-container sow-container-none\"\n                    style=\"color: #ffffff; \"\n\t\t\t\t\t>\n\t\t\t\t\t<span class=\"sow-icon-fontawesome sow-fas\" data-sow-icon=\"&#xf05a;\"\n\t\tstyle=\"font-size: 24px; color: #abbd26\" ><\/span>\t\t\t\t<\/div>\n\t\t\t\t\n\t\t\t\t<div class=\"textwidget\">\n\t\t\t\t\t\t\t\t\t\t\t<h6>\n\t\t\t\t\t\t\t\n\t\t\t\t\t\t\tPrecisi\u00f3n\t\t\t\t\t\t\t\t\t\t\t\t\t<\/h6>\n\t\t\t\t\t\n\t\t\t\t\t\t\t\t\t\t\t<p>esforzarse para ser exactos en todas las comunicaciones con los clientes y los candidatos, y animarles a cambio de informaci\u00f3n relevante y precisa<\/p>\n\t\t\t\t\t\n\t\t\t\t\t\t\t\t\t<\/div>\n\t\t\t\t\t\t\t<\/div>\n\n\t\t\n\t\t\t<div class=\"sow-features-feature sow-icon-container-position-top \" style=\"width: 50%\">\n\n\t\t\t\t\t\t\t\t<div\n\t\t\t\t\tclass=\"sow-icon-container sow-container-none\"\n                    style=\"color: #ffffff; \"\n\t\t\t\t\t>\n\t\t\t\t\t<span class=\"sow-icon-fontawesome sow-fas\" data-sow-icon=\"&#xf2b5;\"\n\t\tstyle=\"font-size: 24px; color: #abbd26\" ><\/span>\t\t\t\t<\/div>\n\t\t\t\t\n\t\t\t\t<div class=\"textwidget\">\n\t\t\t\t\t\t\t\t\t\t\t<h6>\n\t\t\t\t\t\t\t\n\t\t\t\t\t\t\tConflictos de inter\u00e9s\t\t\t\t\t\t\t\t\t\t\t\t\t<\/h6>\n\t\t\t\t\t\n\t\t\t\t\t\t\t\t\t\t\t<p>evitar o resolver conflictos de inter\u00e9s a trav\u00e9s de la divulgaci\u00f3n y la renuncia<\/p>\n\t\t\t\t\t\n\t\t\t\t\t\t\t\t\t<\/div>\n\t\t\t\t\t\t\t<\/div>\n\n\t\t\n\t\t\t<div class=\"sow-features-feature sow-icon-container-position-top \" style=\"width: 50%\">\n\n\t\t\t\t\t\t\t\t<div\n\t\t\t\t\tclass=\"sow-icon-container sow-container-none\"\n                    style=\"color: #ffffff; \"\n\t\t\t\t\t>\n\t\t\t\t\t<span class=\"sow-icon-fontawesome sow-fas\" data-sow-icon=\"&#xf56b;\"\n\t\tstyle=\"font-size: 24px; color: #abbd26\" ><\/span>\t\t\t\t<\/div>\n\t\t\t\t\n\t\t\t\t<div class=\"textwidget\">\n\t\t\t\t\t\t\t\t\t\t\t<h6>\n\t\t\t\t\t\t\t\n\t\t\t\t\t\t\tConfidencialidad\t\t\t\t\t\t\t\t\t\t\t\t\t<\/h6>\n\t\t\t\t\t\n\t\t\t\t\t\t\t\t\t\t\t<p>respetar la informaci\u00f3n confidencial que les han confiado clientes y candidatos<\/p>\n\t\t\t\t\t\n\t\t\t\t\t\t\t\t\t<\/div>\n\t\t\t\t\t\t\t<\/div>\n\n\t\t\n\t\t\t<div class=\"sow-features-feature sow-icon-container-position-top \" style=\"width: 50%\">\n\n\t\t\t\t\t\t\t\t<div\n\t\t\t\t\tclass=\"sow-icon-container sow-container-none\"\n                    style=\"color: #ffffff; \"\n\t\t\t\t\t>\n\t\t\t\t\t<span class=\"sow-icon-fontawesome sow-fas\" data-sow-icon=\"&#xf0c0;\"\n\t\tstyle=\"font-size: 24px; color: #abbd26\" ><\/span>\t\t\t\t<\/div>\n\t\t\t\t\n\t\t\t\t<div class=\"textwidget\">\n\t\t\t\t\t\t\t\t\t\t\t<h6>\n\t\t\t\t\t\t\t\n\t\t\t\t\t\t\tLealtad\t\t\t\t\t\t\t\t\t\t\t\t\t<\/h6>\n\t\t\t\t\t\n\t\t\t\t\t\t\t\t\t\t\t<p>servir a sus clientes con lealtad y proteger los intereses del cliente al realizar asignaciones<\/p>\n\t\t\t\t\t\n\t\t\t\t\t\t\t\t\t<\/div>\n\t\t\t\t\t\t\t<\/div>\n\n\t\t\n\t\t\t<div class=\"sow-features-feature sow-icon-container-position-top sow-features-feature-last-row\" style=\"width: 50%\">\n\n\t\t\t\t\t\t\t\t<div\n\t\t\t\t\tclass=\"sow-icon-container sow-container-none\"\n                    style=\"color: #ffffff; \"\n\t\t\t\t\t>\n\t\t\t\t\t<span class=\"sow-icon-fontawesome sow-fas\" data-sow-icon=\"&#xf002;\"\n\t\tstyle=\"font-size: 24px; color: #abbd26\" ><\/span>\t\t\t\t<\/div>\n\t\t\t\t\n\t\t\t\t<div class=\"textwidget\">\n\t\t\t\t\t\t\t\t\t\t\t<h6>\n\t\t\t\t\t\t\t\n\t\t\t\t\t\t\tIgualdad de Oportunidades\t\t\t\t\t\t\t\t\t\t\t\t\t<\/h6>\n\t\t\t\t\t\n\t\t\t\t\t\t\t\t\t\t\t<p>apoyar la igualdad de oportunidades en el empleo y evaluar objetivamente todos los candidatos calificados<\/p>\n\t\t\t\t\t\n\t\t\t\t\t\t\t\t\t<\/div>\n\t\t\t\t\t\t\t<\/div>\n\n\t\t\n\t\t\t<div class=\"sow-features-feature sow-icon-container-position-top sow-features-feature-last-row\" style=\"width: 50%\">\n\n\t\t\t\t\t\t\t\t<div\n\t\t\t\t\tclass=\"sow-icon-container sow-container-none\"\n                    style=\"color: #ffffff; \"\n\t\t\t\t\t>\n\t\t\t\t\t<span class=\"sow-icon-fontawesome sow-fas\" data-sow-icon=\"&#xf201;\"\n\t\tstyle=\"font-size: 24px; color: #abbd26\" ><\/span>\t\t\t\t<\/div>\n\t\t\t\t\n\t\t\t\t<div class=\"textwidget\">\n\t\t\t\t\t\t\t\t\t\t\t<h6>\n\t\t\t\t\t\t\t\n\t\t\t\t\t\t\tInter\u00e9s p\u00fablico\t\t\t\t\t\t\t\t\t\t\t\t\t<\/h6>\n\t\t\t\t\t\n\t\t\t\t\t\t\t\t\t\t\tllevar a cabo sus actividades con respeto al inter\u00e9s p\u00fablico\t\t\t\t\t\n\t\t\t\t\t\t\t\t\t<\/div>\n\t\t\t\t\t\t\t<\/div>\n\n\t\t\t\n<\/div>\n<\/div><\/div><\/div><\/div><\/div>","protected":false},"excerpt":{"rendered":"<p>Consultor\u00eda en RR.HH. con garant\u00eda de calidad Somos una empresa independiente que desde el 1999 presta servicios de consultor\u00eda en Recursos Humanos. Escuchamos y entendemos las necesidades reales de nuestros Clientes y minimizamos el riesgo de la incompatibilidad: buscamos el perfil m\u00e1s adecuado para cada puesto, garantizando cada Candidato seleccionado. El proceso es discreto y &hellip;<\/p>\n","protected":false},"author":2,"featured_media":0,"parent":0,"menu_order":0,"comment_status":"closed","ping_status":"closed","template":"","meta":{"footnotes":""},"class_list":{"0":"post-2080","1":"page","2":"type-page","3":"status-publish","5":"clearfix","6":"article"},"acf":[],"yoast_head":"<!-- This site is optimized with the Yoast SEO plugin v18.4.1 - https:\/\/yoast.com\/wordpress\/plugins\/seo\/ -->\n<title>Qui\u00e9nes somos - Business Consulting (search &amp; selection)<\/title>\n<meta name=\"robots\" content=\"index, follow, max-snippet:-1, max-image-preview:large, max-video-preview:-1\" \/>\n<link rel=\"canonical\" href=\"https:\/\/businessconsulting.com.pl\/es\/quienes-somos\/\" \/>\n<meta property=\"og:locale\" content=\"es_ES\" \/>\n<meta property=\"og:type\" content=\"article\" \/>\n<meta property=\"og:title\" content=\"Qui\u00e9nes somos - Business Consulting (search &amp; selection)\" \/>\n<meta property=\"og:description\" content=\"Consultor\u00eda en RR.HH. con garant\u00eda de calidad Somos una empresa independiente que desde el 1999 presta servicios de consultor\u00eda en Recursos Humanos. Escuchamos y entendemos las necesidades reales de nuestros Clientes y minimizamos el riesgo de la incompatibilidad: buscamos el perfil m\u00e1s adecuado para cada puesto, garantizando cada Candidato seleccionado. El proceso es discreto y &hellip;\" \/>\n<meta property=\"og:url\" content=\"https:\/\/businessconsulting.com.pl\/es\/quienes-somos\/\" \/>\n<meta property=\"og:site_name\" content=\"Business Consulting (search &amp; selection)\" \/>\n<meta property=\"article:modified_time\" content=\"2022-03-08T21:27:34+00:00\" \/>\n<meta property=\"og:image\" content=\"https:\/\/businessconsulting.com.pl\/wp-content\/uploads\/2022\/01\/logo-95.png\" \/>\n\t<meta property=\"og:image:width\" content=\"179\" \/>\n\t<meta property=\"og:image:height\" content=\"95\" \/>\n\t<meta property=\"og:image:type\" content=\"image\/png\" \/>\n<meta name=\"twitter:card\" content=\"summary_large_image\" \/>\n<meta name=\"twitter:label1\" content=\"Tiempo de lectura\" \/>\n\t<meta name=\"twitter:data1\" content=\"1 minuto\" \/>\n<script type=\"application\/ld+json\" class=\"yoast-schema-graph\">{\"@context\":\"https:\/\/schema.org\",\"@graph\":[{\"@type\":\"WebSite\",\"@id\":\"https:\/\/iwona.v-1.pl\/#website\",\"url\":\"https:\/\/iwona.v-1.pl\/\",\"name\":\"Business Consulting (search &amp; selection)\",\"description\":\"\",\"potentialAction\":[{\"@type\":\"SearchAction\",\"target\":{\"@type\":\"EntryPoint\",\"urlTemplate\":\"https:\/\/iwona.v-1.pl\/?s={search_term_string}\"},\"query-input\":\"required name=search_term_string\"}],\"inLanguage\":\"es\"},{\"@type\":\"WebPage\",\"@id\":\"https:\/\/businessconsulting.com.pl\/es\/quienes-somos\/#webpage\",\"url\":\"https:\/\/businessconsulting.com.pl\/es\/quienes-somos\/\",\"name\":\"Qui\u00e9nes somos - Business Consulting (search &amp; selection)\",\"isPartOf\":{\"@id\":\"https:\/\/iwona.v-1.pl\/#website\"},\"datePublished\":\"2022-02-07T15:25:31+00:00\",\"dateModified\":\"2022-03-08T21:27:34+00:00\",\"breadcrumb\":{\"@id\":\"https:\/\/businessconsulting.com.pl\/es\/quienes-somos\/#breadcrumb\"},\"inLanguage\":\"es\",\"potentialAction\":[{\"@type\":\"ReadAction\",\"target\":[\"https:\/\/businessconsulting.com.pl\/es\/quienes-somos\/\"]}]},{\"@type\":\"BreadcrumbList\",\"@id\":\"https:\/\/businessconsulting.com.pl\/es\/quienes-somos\/#breadcrumb\",\"itemListElement\":[{\"@type\":\"ListItem\",\"position\":1,\"name\":\"Strona g\u0142\u00f3wna\",\"item\":\"https:\/\/businessconsulting.com.pl\/es\/\"},{\"@type\":\"ListItem\",\"position\":2,\"name\":\"Qui\u00e9nes somos\"}]}]}<\/script>\n<!-- \/ Yoast SEO plugin. -->","yoast_head_json":{"title":"Qui\u00e9nes somos - Business Consulting (search &amp; selection)","robots":{"index":"index","follow":"follow","max-snippet":"max-snippet:-1","max-image-preview":"max-image-preview:large","max-video-preview":"max-video-preview:-1"},"canonical":"https:\/\/businessconsulting.com.pl\/es\/quienes-somos\/","og_locale":"es_ES","og_type":"article","og_title":"Qui\u00e9nes somos - Business Consulting (search &amp; selection)","og_description":"Consultor\u00eda en RR.HH. con garant\u00eda de calidad Somos una empresa independiente que desde el 1999 presta servicios de consultor\u00eda en Recursos Humanos. Escuchamos y entendemos las necesidades reales de nuestros Clientes y minimizamos el riesgo de la incompatibilidad: buscamos el perfil m\u00e1s adecuado para cada puesto, garantizando cada Candidato seleccionado. El proceso es discreto y &hellip;","og_url":"https:\/\/businessconsulting.com.pl\/es\/quienes-somos\/","og_site_name":"Business Consulting (search &amp; selection)","article_modified_time":"2022-03-08T21:27:34+00:00","og_image":[{"width":179,"height":95,"url":"https:\/\/businessconsulting.com.pl\/wp-content\/uploads\/2022\/01\/logo-95.png","type":"image\/png"}],"twitter_card":"summary_large_image","twitter_misc":{"Tiempo de lectura":"1 minuto"},"schema":{"@context":"https:\/\/schema.org","@graph":[{"@type":"WebSite","@id":"https:\/\/iwona.v-1.pl\/#website","url":"https:\/\/iwona.v-1.pl\/","name":"Business Consulting (search &amp; selection)","description":"","potentialAction":[{"@type":"SearchAction","target":{"@type":"EntryPoint","urlTemplate":"https:\/\/iwona.v-1.pl\/?s={search_term_string}"},"query-input":"required name=search_term_string"}],"inLanguage":"es"},{"@type":"WebPage","@id":"https:\/\/businessconsulting.com.pl\/es\/quienes-somos\/#webpage","url":"https:\/\/businessconsulting.com.pl\/es\/quienes-somos\/","name":"Qui\u00e9nes somos - Business Consulting (search &amp; selection)","isPartOf":{"@id":"https:\/\/iwona.v-1.pl\/#website"},"datePublished":"2022-02-07T15:25:31+00:00","dateModified":"2022-03-08T21:27:34+00:00","breadcrumb":{"@id":"https:\/\/businessconsulting.com.pl\/es\/quienes-somos\/#breadcrumb"},"inLanguage":"es","potentialAction":[{"@type":"ReadAction","target":["https:\/\/businessconsulting.com.pl\/es\/quienes-somos\/"]}]},{"@type":"BreadcrumbList","@id":"https:\/\/businessconsulting.com.pl\/es\/quienes-somos\/#breadcrumb","itemListElement":[{"@type":"ListItem","position":1,"name":"Strona g\u0142\u00f3wna","item":"https:\/\/businessconsulting.com.pl\/es\/"},{"@type":"ListItem","position":2,"name":"Qui\u00e9nes somos"}]}]}},"_links":{"self":[{"href":"https:\/\/businessconsulting.com.pl\/es\/wp-json\/wp\/v2\/pages\/2080","targetHints":{"allow":["GET"]}}],"collection":[{"href":"https:\/\/businessconsulting.com.pl\/es\/wp-json\/wp\/v2\/pages"}],"about":[{"href":"https:\/\/businessconsulting.com.pl\/es\/wp-json\/wp\/v2\/types\/page"}],"author":[{"embeddable":true,"href":"https:\/\/businessconsulting.com.pl\/es\/wp-json\/wp\/v2\/users\/2"}],"replies":[{"embeddable":true,"href":"https:\/\/businessconsulting.com.pl\/es\/wp-json\/wp\/v2\/comments?post=2080"}],"version-history":[{"count":11,"href":"https:\/\/businessconsulting.com.pl\/es\/wp-json\/wp\/v2\/pages\/2080\/revisions"}],"predecessor-version":[{"id":2127,"href":"https:\/\/businessconsulting.com.pl\/es\/wp-json\/wp\/v2\/pages\/2080\/revisions\/2127"}],"wp:attachment":[{"href":"https:\/\/businessconsulting.com.pl\/es\/wp-json\/wp\/v2\/media?parent=2080"}],"curies":[{"name":"wp","href":"https:\/\/api.w.org\/{rel}","templated":true}]}}